{"id":13319,"date":"2021-02-11T15:10:05","date_gmt":"2021-02-11T13:10:05","guid":{"rendered":"https:\/\/kapparesort.com\/date-cu-caracter-personal\/"},"modified":"2026-03-26T11:59:41","modified_gmt":"2026-03-26T09:59:41","slug":"date-cu-caracter-personal","status":"publish","type":"page","link":"https:\/\/kapparesort.com\/ro\/date-cu-caracter-personal\/","title":{"rendered":"Date cu caracter personal"},"content":{"rendered":"\t\t<div data-elementor-type=\"wp-page\" data-elementor-id=\"13319\" class=\"elementor elementor-13319 elementor-941\" data-elementor-settings=\"[]\">\n\t\t\t\t\t\t<div class=\"elementor-inner\">\n\t\t\t\t\t\t\t<div class=\"elementor-section-wrap\">\n\t\t\t\t\t\t\t<section class=\"elementor-section elementor-top-section elementor-element elementor-element-5eeab26 elementor-section-boxed elementor-section-height-default elementor-section-height-default\" data-id=\"5eeab26\" data-element_type=\"section\">\n\t\t\t\t\t\t<div class=\"elementor-container elementor-column-gap-default\">\n\t\t\t\t\t\t\t<div class=\"elementor-row\">\n\t\t\t\t\t<div class=\"elementor-column elementor-col-100 elementor-top-column elementor-element elementor-element-6ffcf38\" data-id=\"6ffcf38\" data-element_type=\"column\">\n\t\t\t<div class=\"elementor-column-wrap elementor-element-populated\">\n\t\t\t\t\t\t\t<div class=\"elementor-widget-wrap\">\n\t\t\t\t\t\t\t\t<\/div>\n\t\t\t\t\t<\/div>\n\t\t<\/div>\n\t\t\t\t\t\t\t\t<\/div>\n\t\t\t\t\t<\/div>\n\t\t<\/section>\n\t\t\t\t<section class=\"elementor-section elementor-top-section elementor-element elementor-element-4cdf1d7 elementor-section-boxed elementor-section-height-default elementor-section-height-default\" data-id=\"4cdf1d7\" data-element_type=\"section\">\n\t\t\t\t\t\t<div class=\"elementor-container elementor-column-gap-default\">\n\t\t\t\t\t\t\t<div class=\"elementor-row\">\n\t\t\t\t\t<div class=\"elementor-column elementor-col-100 elementor-top-column elementor-element elementor-element-7a8c6ac\" data-id=\"7a8c6ac\" data-element_type=\"column\">\n\t\t\t<div class=\"elementor-column-wrap elementor-element-populated\">\n\t\t\t\t\t\t\t<div class=\"elementor-widget-wrap\">\n\t\t\t\t\t\t<div class=\"elementor-element elementor-element-58f1b4d elementor-widget elementor-widget-spacer\" data-id=\"58f1b4d\" data-element_type=\"widget\" data-widget_type=\"spacer.default\">\n\t\t\t\t<div class=\"elementor-widget-container\">\n\t\t\t\t\t<div class=\"elementor-spacer\">\n\t\t\t<div class=\"elementor-spacer-inner\"><\/div>\n\t\t<\/div>\n\t\t\t\t<\/div>\n\t\t\t\t<\/div>\n\t\t\t\t<div class=\"elementor-element elementor-element-87eb8b4 elementor-widget elementor-widget-text-editor\" data-id=\"87eb8b4\" data-element_type=\"widget\" data-widget_type=\"text-editor.default\">\n\t\t\t\t<div class=\"elementor-widget-container\">\n\t\t\t\t\t<div class=\"elementor-text-editor elementor-clearfix\"><p>Kappa Resort trateaz\u0103 cu maxim\u0103 seriozitate protec\u021bia vie\u021bii dumneavoastr\u0103 private. Am creat aceast\u0103 Politic\u0103 de Protec\u021bie a Datelor cu Caracter Personal pentru a v\u0103 familiariza mai bine cu informa\u021biile pe care le colect\u0103m de la oaspe\u021bii hotelului \u0219i de la vizitatorii site-ului nostru, precum \u0219i cu modul \u00een care Kappa Resort utilizeaz\u0103 aceste informa\u021bii pentru a r\u0103spunde c\u00e2t mai bine nevoilor oaspe\u021bilor no\u0219tri.<\/p>\n<p><b>Ce sunt datele cu caracter personal?<\/b><\/p>\n<p>Termenul \u201eDate cu caracter personal\u201d se refer\u0103 la orice informa\u021bie care poate fi utilizat\u0103 pentru a v\u0103 identifica ca persoan\u0103. Acestea pot include, f\u0103r\u0103 a se limita la, numele, adresa, v\u00e2rsta, sexul etc.<\/p>\n<p><b>Cum sunt colectate datele cu caracter personal?<\/b><\/p>\n<p>1. Utilizarea site-ului nostru<\/p>\n<p>A. La prima interac\u021biune cu site-ul nostru<\/p>\n<p>Atunci c\u00e2nd vizita\u021bi site-ul nostru, vi se atribuie ini\u021bial un \u201ecookie\u201d, iar calculatorului dumneavoastr\u0103 \u00eei este alocat un identificator unic. Cookie-ul este un instrument utilizat \u00een mod obi\u0219nuit, care urm\u0103re\u0219te preferin\u021bele unui utilizator \u0219i poate \u00eembun\u0103t\u0103\u021bi experien\u021ba de navigare. Cookie-urile ne permit s\u0103 oferim o experien\u021b\u0103 personalizat\u0103, f\u0103r\u0103 ca vizitatorul s\u0103 fie nevoit s\u0103 \u00ee\u0219i reintroduc\u0103 preferin\u021bele la fiecare vizit\u0103. Cookie-urile noastre nu con\u021bin informa\u021bii de identificare personal\u0103. De asemenea, cookie-urile Kappa Resort nu urm\u0103resc utilizatorii dup\u0103 ce ace\u0219tia p\u0103r\u0103sesc site-ul nostru.<\/p>\n<p>Site-ul nostru utilizeaz\u0103 \u0219i func\u021biile de publicitate ale Google Analytics (inclusiv remarketing \u0219i rapoarte demografice \u0219i pe baz\u0103 de interese), una dintre cele mai r\u0103sp\u00e2ndite \u0219i fiabile solu\u021bii de analiz\u0103 web, pentru a \u00een\u021belege modul \u00een care utiliza\u021bi site-ul \u0219i pentru a \u00eembun\u0103t\u0103\u021bi experien\u021ba dumneavoastr\u0103. Aceste cookie-uri pot colecta informa\u021bii precum durata vizitei sau paginile accesate, ajut\u00e2ndu-ne s\u0103 identific\u0103m zonele populare \u0219i cele mai pu\u021bin utilizate. Astfel, putem optimiza \u0219i actualiza constant site-ul pe baza datelor colectate, precum num\u0103rul total de vizitatori \u0219i paginile vizualizate. Pentru mai multe informa\u021bii despre cookie-urile Google Analytics, v\u0103 rug\u0103m s\u0103 consulta\u021bi pagina oficial\u0103 Google Analytics.<\/p>\n<p>De asemenea, utiliz\u0103m cookie-uri de remarketing de la furnizori ter\u021bi pe site-urile \u0219i\/sau subdomeniile acestora, inclusiv cookie-ul Google Ads \u0219i pixelul de remarketing Facebook.<\/p>\n<p><b>Dezactivarea cookie-urilor \u2013 Excluderea furnizorilor ter\u021bi<\/b><\/p>\n<p>Dac\u0103 nu dori\u021bi s\u0103 accepta\u021bi cookie-uri, le pute\u021bi bloca ajust\u00e2nd set\u0103rile browserului dumneavoastr\u0103. Totu\u0219i, trebuie s\u0103 \u0219ti\u021bi c\u0103 refuzul cookie-urilor poate afecta func\u021bionalitatea site-ului \u0219i nu ve\u021bi putea beneficia de anumite op\u021biuni de personalizare. De asemenea, pute\u021bi opta pentru dezactivarea Google Analytics acces\u00e2nd pagina de excludere a acestuia.<\/p>\n<p>Dup\u0103 ce vizita\u021bi site-ul nostru \u0219i accepta\u021bi cookie-urile, identificatorul dumneavoastr\u0103 este asociat automat cu dispozitivul utilizat la fiecare vizit\u0103. De\u0219i r\u0103m\u00e2ne\u021bi anonim p\u00e2n\u0103 c\u00e2nd introduce\u021bi date personale, acest identificator ne ajut\u0103 s\u0103 \u00eenregistr\u0103m sesiunea dumneavoastr\u0103 pentru a v\u0103 oferi servicii personalizate sau suport, dac\u0103 este necesar. Dup\u0103 introducerea datelor personale, asociem identificatorul cu datele dumneavoastr\u0103 de contact pentru a v\u0103 recunoa\u0219te la vizite ulterioare \u0219i pentru a urm\u0103ri interesele dumneavoastr\u0103.<\/p>\n<p>B. \u00cen timpul navig\u0103rii pe site<\/p>\n<p>Pe m\u0103sur\u0103 ce naviga\u021bi pe site pentru informa\u021bii, pute\u021bi trimite o \u201eSolicitare\u201d referitoare la hotel sau pute\u021bi ini\u021bia o conversa\u021bie online. Pentru a r\u0103spunde solicit\u0103rii, este posibil s\u0103 v\u0103 cerem informa\u021bii personale precum numele, codul po\u0219tal, adresa de e-mail \u0219i num\u0103rul de telefon.<\/p>\n<p>Dac\u0103 alege\u021bi s\u0103 ne furniza\u021bi aceste informa\u021bii, le vom utiliza exclusiv \u00een scopul declarat. Ve\u021bi primi comunic\u0103ri doar dac\u0103 v\u0103 exprima\u021bi acordul \u0219i pute\u021bi alege metode alternative de r\u0103spuns. Furnizarea datelor personale implic\u0103 acceptarea termenilor prezentei Politici de Confiden\u021bialitate. Dac\u0103 nu dori\u021bi s\u0103 transmite\u021bi aceste informa\u021bii online, ne pute\u021bi contacta telefonic.<\/p>\n<p>Dac\u0103 dori\u021bi, v\u0103 pute\u021bi \u00eenscrie cu adresa de e-mail pentru a primi newsletter sau alte informa\u021bii. Ve\u021bi fi inclus \u00een list\u0103 doar dac\u0103 v\u0103 exprima\u021bi acordul \u0219i v\u0103 pute\u021bi dezabona oric\u00e2nd. Vizitatorii pot accepta sau refuza orice tip de comunicare din partea Kappa Resort.<\/p>\n<p>2. Utilizarea aplica\u021biei noastre<\/p>\n<p>Prin desc\u0103rcarea aplica\u021biei noastre, pute\u021bi efectua check-in online, rezerva o mas\u0103 la restaurant sau programa o croazier\u0103 de o zi. Pentru aceste servicii sunt necesare anumite date personale. Furnizarea acestora implic\u0103 acceptarea politicii noastre. Dac\u0103 nu dori\u021bi s\u0103 transmite\u021bi aceste informa\u021bii online, ne pute\u021bi contacta telefonic.<\/p>\n<p>3. C\u00e2nd face\u021bi o rezervare telefonic<\/p>\n<p>Rezerv\u0103rile se pot face telefonic. \u00cen acest caz, putem solicita informa\u021bii precum numele, adresa, num\u0103rul de telefon \u0219i metoda de plat\u0103. De asemenea, putem \u00eenregistra preferin\u021be sau solicit\u0103ri speciale. Confirmarea rezerv\u0103rii va fi transmis\u0103 prin e-mail.<\/p>\n<p>4. \u00cen timpul \u0219ederii dumneavoastr\u0103 la Kappa Resort<\/p>\n<p>\u00cen timpul \u0219ederii, \u00eenregistr\u0103m cheltuielile dumneavoastr\u0103 pentru a crea fi\u0219a clientului, care include costurile de cazare \u0219i alte servicii. Aceste date sunt necesare \u0219i pentru cerin\u021bele financiare \u0219i legale. Putem colecta \u0219i informa\u021bii impuse de legisla\u021bia local\u0103 (ex. num\u0103r pa\u0219aport).<\/p>\n<p>De asemenea, putem p\u0103stra con\u021binutul comunic\u0103rilor (e-mailuri, comentarii etc.) trimise \u00eenainte, \u00een timpul sau dup\u0103 \u0219edere. Aceste informa\u021bii pot fi partajate intern, dar nu vor fi transmise ter\u021bilor.<\/p>\n<p><b>Cum stoc\u0103m aceste informa\u021bii?<\/b><\/p>\n<p>\u00cen hotel<\/p>\n<p>Kappa Resort garanteaz\u0103 c\u0103 toate datele sunt p\u0103strate \u00een siguran\u021b\u0103, fie \u00een baze de date, fie \u00een arhive fizice, cu acces restric\u021bionat.<\/p>\n<p>\u00cen sistemul de rezerv\u0103ri<\/p>\n<p>Pentru o mai bun\u0103 deservire, stoc\u0103m datele \u00eentr-un sistem securizat pe server dedicat. Acestea includ nume, adres\u0103, telefon, card, durata \u0219ederii \u0219i alte date statistice.<\/p>\n<p><b>Ce informa\u021bii nu sunt sigure?<\/b><\/p>\n<p>Comunicarea prin e-mail nu este complet sigur\u0103. V\u0103 recomand\u0103m s\u0103 nu transmite\u021bi informa\u021bii sensibile (ex. carduri). R\u0103spunsurile noastre nu vor con\u021bine astfel de date.<\/p>\n<p><b>De ce colect\u0103m date personale?<\/b><\/p>\n<p>Pentru servicii de calitate superioar\u0103<\/p>\n<p>Colect\u0103m date pentru a gestiona rezerv\u0103rile, a v\u0103 satisface nevoile \u0219i a comunica eficient.<\/p>\n<p>De asemenea, p\u0103strarea istoricului permite confirmarea tranzac\u021biilor \u0219i solicit\u0103ri personalizate.<\/p>\n<p>Pentru informare<\/p>\n<p>Putem trimite newslettere \u0219i oferte. V\u0103 pute\u021bi dezabona oric\u00e2nd.<\/p>\n<p><b>Ce date sunt partajate intern?<\/b><\/p>\n<p>Datele pot fi partajate \u00eentre departamente pentru \u00eembun\u0103t\u0103\u021birea serviciilor. \u00cen caz de neplat\u0103, pot fi utilizate de departamentul contabil.<\/p>\n<p><b>Ce date pot fi partajate cu ter\u021bi?<\/b><\/p>\n<p>Furnizorii pot avea acces la date pentru prestarea serviciilor, respect\u00e2nd aceast\u0103 politic\u0103.<\/p>\n<p>Datele pot fi comunicate f\u0103r\u0103 consim\u021b\u0103m\u00e2nt doar dac\u0103 este necesar legal, pentru servicii solicitate, pentru pl\u0103\u021bi de c\u0103tre ter\u021bi sau \u00een caz de neplat\u0103.<\/p>\n<p>\u00cen caz de activitate ilegal\u0103, informa\u021biile pot fi raportate autorit\u0103\u021bilor.<\/p>\n<p><b>Cum pot accesa datele mele?<\/b><\/p>\n<p>Pute\u021bi solicita accesul, dovedindu-v\u0103 identitatea (ex. pa\u0219aport). Cererile pot fi depuse \u0219i \u00een scris.<\/p>\n<p><b>Cum pot actualiza datele?<\/b><\/p>\n<p>Ne pute\u021bi contacta:<\/p>\n<p>\u2013 Email: info@kapparesort.com<\/p>\n<p>\u2013 Fax: +30 2310 855 642<\/p>\n<p>\u2013 Adres\u0103:<\/p>\n<p>Kappa Resort<br \/>Birouri Centrale<br \/>Markou Botsari 20<br \/>54643 Thessaloniki<\/p>\n<p>Sau pe www.kapparesort.com<\/p>\n<p><b>C\u00e2t timp sunt p\u0103strate datele?<\/b><\/p>\n<p>Datele sunt p\u0103strate pe termen nelimitat dac\u0103 exist\u0103 scop comercial. Formularele fizice sunt distruse dup\u0103 un an.<\/p>\n<p><b>Modific\u0103ri ale politicii<\/b><\/p>\n<p>Orice modificare va fi publicat\u0103 pe site. Dac\u0103 nu v\u0103 opune\u021bi, se consider\u0103 acceptat\u0103.<\/p>\n<p><b>Legisla\u021bie aplicabil\u0103<\/b><\/p>\n<p>Kappa Resort respect\u0103 legisla\u021bia din Grecia \u0219i Regulamentul European GDPR privind protec\u021bia datelor.<\/p>\n<\/div>\n\t\t\t\t<\/div>\n\t\t\t\t<\/div>\n\t\t\t\t\t\t<\/div>\n\t\t\t\t\t<\/div>\n\t\t<\/div>\n\t\t\t\t\t\t\t\t<\/div>\n\t\t\t\t\t<\/div>\n\t\t<\/section>\n\t\t\t\t\t\t<\/div>\n\t\t\t\t\t\t<\/div>\n\t\t\t\t\t<\/div>\n\t\t","protected":false},"excerpt":{"rendered":"<p>Kappa Resort trateaz\u0103 cu maxim\u0103 seriozitate protec\u021bia vie\u021bii dumneavoastr\u0103 private. Am creat aceast\u0103 Politic\u0103 de Protec\u021bie a Datelor cu Caracter Personal pentru a v\u0103 familiariza mai bine cu informa\u021biile pe care le colect\u0103m de la oaspe\u021bii hotelului \u0219i de la vizitatorii site-ului nostru, precum \u0219i cu modul \u00een care Kappa Resort utilizeaz\u0103 aceste informa\u021bii pentru [&hellip;]<\/p>\n","protected":false},"author":1,"featured_media":0,"parent":0,"menu_order":0,"comment_status":"closed","ping_status":"closed","template":"","meta":[],"_links":{"self":[{"href":"https:\/\/kapparesort.com\/ro\/wp-json\/wp\/v2\/pages\/13319"}],"collection":[{"href":"https:\/\/kapparesort.com\/ro\/wp-json\/wp\/v2\/pages"}],"about":[{"href":"https:\/\/kapparesort.com\/ro\/wp-json\/wp\/v2\/types\/page"}],"author":[{"embeddable":true,"href":"https:\/\/kapparesort.com\/ro\/wp-json\/wp\/v2\/users\/1"}],"replies":[{"embeddable":true,"href":"https:\/\/kapparesort.com\/ro\/wp-json\/wp\/v2\/comments?post=13319"}],"version-history":[{"count":1,"href":"https:\/\/kapparesort.com\/ro\/wp-json\/wp\/v2\/pages\/13319\/revisions"}],"predecessor-version":[{"id":13320,"href":"https:\/\/kapparesort.com\/ro\/wp-json\/wp\/v2\/pages\/13319\/revisions\/13320"}],"wp:attachment":[{"href":"https:\/\/kapparesort.com\/ro\/wp-json\/wp\/v2\/media?parent=13319"}],"curies":[{"name":"wp","href":"https:\/\/api.w.org\/{rel}","templated":true}]}}