{"id":13306,"date":"2021-05-10T14:41:57","date_gmt":"2021-05-10T12:41:57","guid":{"rendered":"https:\/\/kapparesort.com\/termeni-de-utilizare\/"},"modified":"2026-03-26T11:28:07","modified_gmt":"2026-03-26T09:28:07","slug":"termeni-de-utilizare","status":"publish","type":"page","link":"https:\/\/kapparesort.com\/ro\/termeni-de-utilizare\/","title":{"rendered":"Termeni de utilizare"},"content":{"rendered":"\t\t<div data-elementor-type=\"wp-page\" data-elementor-id=\"13306\" class=\"elementor elementor-13306 elementor-7226\" data-elementor-settings=\"[]\">\n\t\t\t\t\t\t<div class=\"elementor-inner\">\n\t\t\t\t\t\t\t<div class=\"elementor-section-wrap\">\n\t\t\t\t\t\t\t<section class=\"elementor-section elementor-top-section elementor-element elementor-element-f6ee6a4 elementor-section-boxed elementor-section-height-default elementor-section-height-default\" data-id=\"f6ee6a4\" data-element_type=\"section\">\n\t\t\t\t\t\t<div class=\"elementor-container elementor-column-gap-default\">\n\t\t\t\t\t\t\t<div class=\"elementor-row\">\n\t\t\t\t\t<div class=\"elementor-column elementor-col-100 elementor-top-column elementor-element elementor-element-6c32835\" data-id=\"6c32835\" data-element_type=\"column\">\n\t\t\t<div class=\"elementor-column-wrap elementor-element-populated\">\n\t\t\t\t\t\t\t<div class=\"elementor-widget-wrap\">\n\t\t\t\t\t\t\t\t<\/div>\n\t\t\t\t\t<\/div>\n\t\t<\/div>\n\t\t\t\t\t\t\t\t<\/div>\n\t\t\t\t\t<\/div>\n\t\t<\/section>\n\t\t\t\t<section class=\"elementor-section elementor-top-section elementor-element elementor-element-c9bbc4f elementor-section-boxed elementor-section-height-default elementor-section-height-default\" data-id=\"c9bbc4f\" data-element_type=\"section\">\n\t\t\t\t\t\t<div class=\"elementor-container elementor-column-gap-default\">\n\t\t\t\t\t\t\t<div class=\"elementor-row\">\n\t\t\t\t\t<div class=\"elementor-column elementor-col-100 elementor-top-column elementor-element elementor-element-a2c6371\" data-id=\"a2c6371\" data-element_type=\"column\">\n\t\t\t<div class=\"elementor-column-wrap elementor-element-populated\">\n\t\t\t\t\t\t\t<div class=\"elementor-widget-wrap\">\n\t\t\t\t\t\t<div class=\"elementor-element elementor-element-d46c0f7 elementor-widget elementor-widget-spacer\" data-id=\"d46c0f7\" data-element_type=\"widget\" data-widget_type=\"spacer.default\">\n\t\t\t\t<div class=\"elementor-widget-container\">\n\t\t\t\t\t<div class=\"elementor-spacer\">\n\t\t\t<div class=\"elementor-spacer-inner\"><\/div>\n\t\t<\/div>\n\t\t\t\t<\/div>\n\t\t\t\t<\/div>\n\t\t\t\t<div class=\"elementor-element elementor-element-8aa1d8e elementor-widget elementor-widget-text-editor\" data-id=\"8aa1d8e\" data-element_type=\"widget\" data-widget_type=\"text-editor.default\">\n\t\t\t\t<div class=\"elementor-widget-container\">\n\t\t\t\t\t<div class=\"elementor-text-editor elementor-clearfix\"><p>Website-ul <a href=\"https:\/\/kapparesort.com\/ro\/\">www.kapparesort.com<\/a> este administrat de societatea \u00een comandit\u0103 simpl\u0103 cu denumirea \u201eKATASKEVASTIKI ETAIRIA THESSALONIKIS E.E.\u201d, cu sediul \u00een Thessaloniki, str. M. Botsari nr. 20, C.P. 54643, cod fiscal 084276844 \u2013 Administra\u021bia Fiscal\u0103 a VII-a Thessaloniki, nr. G.E.MI. 41979806000, tel. +30 2310 825385, email info@kateth.gr, reprezentat\u0103 legal (denumit\u0103 \u00een continuare \u201eCompania\u201d). Compania opereaz\u0103 hotelul \u201eKappa Resort\u201d \u00een Paliouri, Halkidiki, C.P. 63085, tel. +30 23743 00713, email info@kapparesort.com.<\/p>\n<p>Termenii care reglementeaz\u0103 utilizarea prezentului website (<a href=\"https:\/\/kapparesort.com\/ro\/\">www.kapparesort.com<\/a>), denumi\u021bi \u00een continuare \u201eTermenii\u201d, sunt stabili\u021bi prin prezentul document, precum \u0219i prin orice alt document la care se face referire \u00een acesta.<\/p>\n<p>\u00cenainte de a \u00eencepe navigarea pe website-ul nostru, v\u0103 rug\u0103m s\u0103 consulta\u021bi Termenii care descriu drepturile \u0219i obliga\u021biile dumneavoastr\u0103, precum \u0219i Politica de Confiden\u021bialitate, deoarece utiliz\u00e2nd acest website declara\u021bi c\u0103 accepta\u021bi \u00een mod expres \u0219i necondi\u021bionat \u0219i sunte\u021bi de acord s\u0103 respecta\u021bi ace\u0219ti Termeni \u0219i Politica de Confiden\u021bialitate. Dac\u0103 nu sunte\u021bi de acord cu oricare dintre ace\u0219ti Termeni, v\u0103 rug\u0103m s\u0103 nu utiliza\u021bi website-ul.<\/p>\n<p>Dac\u0103 ave\u021bi \u00eentreb\u0103ri referitoare la Termeni, ne pute\u021bi contacta la email info@kapparesort.com sau telefonic la num\u0103rul +30 23743 00713.<\/p>\n<ol>\n<li><strong>Politica de Confiden\u021bialitate.<\/strong><\/li>\n<\/ol>\n<p>Acord\u0103m o importan\u021b\u0103 deosebit\u0103 \u0219i respect\u0103m pe deplin confiden\u021bialitatea datelor dumneavoastr\u0103 personale. Am conceput Politica de Confiden\u021bialitate pentru a v\u0103 informa complet despre modul \u00een care prelucr\u0103m datele dumneavoastr\u0103 personale. Ace\u0219ti Termeni includ \u00een mod expres Politica de Confiden\u021bialitate. Pentru detalii despre modul \u00een care prelucr\u0103m \u0219i protej\u0103m datele dumneavoastr\u0103 personale, precum \u0219i despre cookie-uri, v\u0103 rug\u0103m s\u0103 consulta\u021bi Politica de Confiden\u021bialitate.<\/p>\n<ol start=\"2\">\n<li><strong>Obliga\u021biile dumneavoastr\u0103.<\/strong><\/li>\n<\/ol>\n<ul>\n<li>Trebuie s\u0103 utiliza\u021bi \u00eentotdeauna website-ul \u00een conformitate cu ace\u0219ti Termeni.<\/li>\n<li>Accepta\u021bi c\u0103 nu ve\u021bi utiliza website-ul pentru transmiterea, publicarea sau distribuirea de con\u021binut ilegal, d\u0103un\u0103tor, amenin\u021b\u0103tor, ofensator, h\u0103r\u021buitor, def\u0103im\u0103tor, obscen sau care \u00eencalc\u0103 drepturile altor persoane, inclusiv dreptul la via\u021b\u0103 privat\u0103, sau care poate cauza prejudicii minorilor. De asemenea, nu ve\u021bi transmite con\u021binut protejat de drepturi de proprietate intelectual\u0103 f\u0103r\u0103 autorizare \u0219i nici con\u021binut care con\u021bine viru\u0219i sau alte programe d\u0103un\u0103toare. \u00cen caz de nerespectare, ne rezerv\u0103m dreptul de a v\u0103 restric\u021biona accesul \u0219i de a elimina con\u021binutul respectiv.<\/li>\n<li>Accepta\u021bi c\u0103 nu ve\u021bi \u00eencerca accesul neautorizat la website sau la serverele acestuia \u0219i nu ve\u021bi efectua atacuri de tip denial of service (DoS) sau distributed denial of service (DDoS). Astfel de ac\u021biuni pot constitui infrac\u021biuni \u0219i vor fi raportate autorit\u0103\u021bilor competente.<\/li>\n<li>Este interzis\u0103 orice ac\u021biune care poate afecta func\u021bionarea normal\u0103 a website-ului sau utilizarea acestuia de c\u0103tre al\u021bi utilizatori.<\/li>\n<\/ul>\n<ol start=\"3\">\n<li><strong>Drepturi de proprietate intelectual\u0103.<\/strong><\/li>\n<\/ol>\n<ul>\n<li>\u00centregul con\u021binut al website-ului (imagini, texte, grafice, servicii etc.) este proprietatea Companiei \u0219i este protejat de legisla\u021bia greac\u0103, european\u0103 \u0219i interna\u021bional\u0103 privind proprietatea intelectual\u0103.<\/li>\n<li>Este interzis\u0103 modificarea, copierea, distribuirea, \u00eenchirierea sau utilizarea \u00een orice mod a software-ului sau con\u021binutului website-ului f\u0103r\u0103 acordul scris al Companiei.<\/li>\n<li>Nu este permis\u0103 reproducerea, redistribuirea sau publicarea materialelor f\u0103r\u0103 acordul prealabil al Companiei.<\/li>\n<li>Recunoa\u0219te\u021bi c\u0103 informa\u021biile apar\u021bin\u00e2nd ter\u021bilor sunt protejate de drepturi legale \u0219i nu pot fi utilizate f\u0103r\u0103 permisiune.<\/li>\n<li>\u00cen caz de \u00eenc\u0103lcare, trebuie s\u0103 \u0219terge\u021bi imediat orice material ob\u021binut ilegal.<\/li>\n<\/ul>\n<ol start=\"4\">\n<li><strong>Limitarea r\u0103spunderii.<\/strong><\/li>\n<\/ol>\n<ul>\n<li>Con\u021binutul website-ului are scop informativ.<\/li>\n<li>Pot exista erori tipografice pentru care Compania nu \u00ee\u0219i asum\u0103 responsabilitatea.<\/li>\n<li>Sunte\u021bi responsabil pentru orice costuri legate de accesul la website.<\/li>\n<li>Nu ne asum\u0103m r\u0103spunderea pentru eventuale pierderi sau daune cauzate de probleme tehnice, atacuri informatice, viru\u0219i, interven\u021bii neautorizate sau cazuri de for\u021b\u0103 major\u0103.<\/li>\n<li>Nu r\u0103spundem pentru con\u021binutul website-urilor externe c\u0103tre care exist\u0103 linkuri.<\/li>\n<\/ul>\n<ol start=\"5\">\n<li><strong>Re\u021bele sociale.<\/strong><\/li>\n<\/ol>\n<p>Suntem prezen\u021bi \u0219i pe platforme precum Facebook, Instagram, Google+ \u0219i YouTube. Orice con\u021binut sau servicii oferite prin aceste platforme sunt supuse acestor Termeni, cu excep\u021bia cazurilor \u00een care se prevede altfel.<\/p>\n<ol start=\"6\">\n<li><strong>Newslettere.<\/strong><\/li>\n<\/ol>\n<ul>\n<li>Trimitem newslettere doar cu acordul dumneavoastr\u0103.<\/li>\n<li>Nu garant\u0103m livrarea acestora, de\u0219i depunem toate eforturile necesare.<\/li>\n<li>Este posibil ca mesajele s\u0103 ajung\u0103 \u00een folderul spam.<\/li>\n<li>V\u0103 pute\u021bi dezabona oric\u00e2nd prin linkul din email.<\/li>\n<\/ul>\n<ol start=\"7\">\n<li><strong>Clauze suplimentare.<\/strong><\/li>\n<\/ol>\n<ul>\n<li>Dac\u0103 o prevedere devine inaplicabil\u0103, aceasta va fi \u00eenlocuit\u0103 f\u0103r\u0103 a afecta restul Termenilor.<\/li>\n<li>Versiunea original\u0103 a Termenilor este \u00een limba greac\u0103. \u00cen caz de neconcordan\u021be, aceasta prevaleaz\u0103.<\/li>\n<\/ul>\n<ol start=\"8\">\n<li><strong>Modificarea Termenilor.<\/strong><\/li>\n<\/ol>\n<ul>\n<li>Termenii pot fi modifica\u021bi unilateral, f\u0103r\u0103 notificare prealabil\u0103.<\/li>\n<li>Modific\u0103rile vor fi publicate pe website.<\/li>\n<li>Continuarea utiliz\u0103rii website-ului implic\u0103 acceptarea noilor Termeni.<\/li>\n<li>Este responsabilitatea dumneavoastr\u0103 s\u0103 verifica\u021bi periodic Termenii.<\/li>\n<\/ul>\n<ol start=\"9\">\n<li><strong>Legea aplicabil\u0103 \u0219i jurisdic\u021bia.<\/strong><\/li>\n<\/ol>\n<ul>\n<li>Utilizarea website-ului este reglementat\u0103 de legisla\u021bia greac\u0103.<\/li>\n<li>Orice litigiu va fi solu\u021bionat de instan\u021bele competente din Thessaloniki, Grecia.<\/li>\n<\/ul>\n<\/div>\n\t\t\t\t<\/div>\n\t\t\t\t<\/div>\n\t\t\t\t\t\t<\/div>\n\t\t\t\t\t<\/div>\n\t\t<\/div>\n\t\t\t\t\t\t\t\t<\/div>\n\t\t\t\t\t<\/div>\n\t\t<\/section>\n\t\t\t\t\t\t<\/div>\n\t\t\t\t\t\t<\/div>\n\t\t\t\t\t<\/div>\n\t\t","protected":false},"excerpt":{"rendered":"<p>Website-ul www.kapparesort.com este administrat de societatea \u00een comandit\u0103 simpl\u0103 cu denumirea \u201eKATASKEVASTIKI ETAIRIA THESSALONIKIS E.E.\u201d, cu sediul \u00een Thessaloniki, str. M. Botsari nr. 20, C.P. 54643, cod fiscal 084276844 \u2013 Administra\u021bia Fiscal\u0103 a VII-a Thessaloniki, nr. G.E.MI. 41979806000, tel. +30 2310 825385, email info@kateth.gr, reprezentat\u0103 legal (denumit\u0103 \u00een continuare \u201eCompania\u201d). Compania opereaz\u0103 hotelul \u201eKappa Resort\u201d [&hellip;]<\/p>\n","protected":false},"author":1,"featured_media":0,"parent":0,"menu_order":0,"comment_status":"closed","ping_status":"closed","template":"","meta":[],"_links":{"self":[{"href":"https:\/\/kapparesort.com\/ro\/wp-json\/wp\/v2\/pages\/13306"}],"collection":[{"href":"https:\/\/kapparesort.com\/ro\/wp-json\/wp\/v2\/pages"}],"about":[{"href":"https:\/\/kapparesort.com\/ro\/wp-json\/wp\/v2\/types\/page"}],"author":[{"embeddable":true,"href":"https:\/\/kapparesort.com\/ro\/wp-json\/wp\/v2\/users\/1"}],"replies":[{"embeddable":true,"href":"https:\/\/kapparesort.com\/ro\/wp-json\/wp\/v2\/comments?post=13306"}],"version-history":[{"count":1,"href":"https:\/\/kapparesort.com\/ro\/wp-json\/wp\/v2\/pages\/13306\/revisions"}],"predecessor-version":[{"id":13307,"href":"https:\/\/kapparesort.com\/ro\/wp-json\/wp\/v2\/pages\/13306\/revisions\/13307"}],"wp:attachment":[{"href":"https:\/\/kapparesort.com\/ro\/wp-json\/wp\/v2\/media?parent=13306"}],"curies":[{"name":"wp","href":"https:\/\/api.w.org\/{rel}","templated":true}]}}