{"id":13301,"date":"2021-07-13T10:04:27","date_gmt":"2021-07-13T08:04:27","guid":{"rendered":"https:\/\/kapparesort.com\/responsabilitate-sociala-corporativa-csr\/"},"modified":"2026-03-26T11:26:40","modified_gmt":"2026-03-26T09:26:40","slug":"responsabilitate-sociala-corporativa-csr","status":"publish","type":"page","link":"https:\/\/kapparesort.com\/ro\/responsabilitate-sociala-corporativa-csr\/","title":{"rendered":"Responsabilitate Social\u0103 Corporativ\u0103 (CSR)"},"content":{"rendered":"\t\t<div data-elementor-type=\"wp-page\" data-elementor-id=\"13301\" class=\"elementor elementor-13301 elementor-8188\" data-elementor-settings=\"[]\">\n\t\t\t\t\t\t<div class=\"elementor-inner\">\n\t\t\t\t\t\t\t<div class=\"elementor-section-wrap\">\n\t\t\t\t\t\t\t<section class=\"elementor-section elementor-top-section elementor-element elementor-element-da58f38 elementor-section-boxed elementor-section-height-default elementor-section-height-default\" data-id=\"da58f38\" data-element_type=\"section\">\n\t\t\t\t\t\t<div class=\"elementor-container elementor-column-gap-default\">\n\t\t\t\t\t\t\t<div class=\"elementor-row\">\n\t\t\t\t\t<div class=\"elementor-column elementor-col-100 elementor-top-column elementor-element elementor-element-cee2547\" data-id=\"cee2547\" data-element_type=\"column\">\n\t\t\t<div class=\"elementor-column-wrap elementor-element-populated\">\n\t\t\t\t\t\t\t<div class=\"elementor-widget-wrap\">\n\t\t\t\t\t\t<div class=\"elementor-element elementor-element-e4af284 elementor-widget elementor-widget-heading\" data-id=\"e4af284\" data-element_type=\"widget\" data-widget_type=\"heading.default\">\n\t\t\t\t<div class=\"elementor-widget-container\">\n\t\t\t<h2 class=\"elementor-heading-title elementor-size-xl\">RESPONSABILITATE SOCIAL\u0102 CORPORATIV\u0102 (CSR)<\/h2>\t\t<\/div>\n\t\t\t\t<\/div>\n\t\t\t\t<section class=\"elementor-section elementor-inner-section elementor-element elementor-element-7a02ff1 elementor-section-content-middle elementor-section-boxed elementor-section-height-default elementor-section-height-default\" data-id=\"7a02ff1\" data-element_type=\"section\">\n\t\t\t\t\t\t<div class=\"elementor-container elementor-column-gap-default\">\n\t\t\t\t\t\t\t<div class=\"elementor-row\">\n\t\t\t\t\t<div class=\"elementor-column elementor-col-50 elementor-inner-column elementor-element elementor-element-ec31bbb\" data-id=\"ec31bbb\" data-element_type=\"column\">\n\t\t\t<div class=\"elementor-column-wrap elementor-element-populated\">\n\t\t\t\t\t\t\t<div class=\"elementor-widget-wrap\">\n\t\t\t\t\t\t<div class=\"elementor-element elementor-element-129718f elementor-widget elementor-widget-text-editor\" data-id=\"129718f\" data-element_type=\"widget\" data-widget_type=\"text-editor.default\">\n\t\t\t\t<div class=\"elementor-widget-container\">\n\t\t\t\t\t<div class=\"elementor-text-editor elementor-clearfix\"><p>Kappa Resort este, prin excelen\u021b\u0103, o destina\u021bie turistic\u0103 de familie. Principalul nostru obiectiv este ca oaspe\u021bii s\u0103 se bucure de momente de relaxare \u0219i lini\u0219te, \u00een mijlocul unui peisaj natural bogat. \u00cen acest context, prin ac\u021biunile noastre de Responsabilitate Social\u0103 Corporativ\u0103, alegem s\u0103 sus\u021binem doi factori esen\u021biali: <strong>mediul<\/strong> \u0219i, implicit, <strong>societatea<\/strong> \u00een ansamblu.<\/p>\n<\/div>\n\t\t\t\t<\/div>\n\t\t\t\t<\/div>\n\t\t\t\t<div class=\"elementor-element elementor-element-49d7a84 elementor-widget elementor-widget-heading\" data-id=\"49d7a84\" data-element_type=\"widget\" data-widget_type=\"heading.default\">\n\t\t\t\t<div class=\"elementor-widget-container\">\n\t\t\t<h3 class=\"elementor-heading-title elementor-size-default\">ECONOMIE VERDE<\/h3>\t\t<\/div>\n\t\t\t\t<\/div>\n\t\t\t\t<div class=\"elementor-element elementor-element-9576ba4 elementor-widget elementor-widget-text-editor\" data-id=\"9576ba4\" data-element_type=\"widget\" data-widget_type=\"text-editor.default\">\n\t\t\t\t<div class=\"elementor-widget-container\">\n\t\t\t\t\t<div class=\"elementor-text-editor elementor-clearfix\"><p>O preocupare principal\u0103 este, \u00eenainte de toate, protec\u021bia mediului. Acest lucru este realizat prin implementarea unor proiecte axate pe studiul \u0219i integrarea cl\u0103dirilor \u00een mediul natural, economisirea resurselor de ap\u0103, precum \u0219i utilizarea surselor regenerabile de energie.<\/p>\n<\/div>\n\t\t\t\t<\/div>\n\t\t\t\t<\/div>\n\t\t\t\t<div class=\"elementor-element elementor-element-d9fcb47 elementor-hidden-desktop elementor-hidden-tablet elementor-hidden-phone elementor-widget elementor-widget-heading\" data-id=\"d9fcb47\" data-element_type=\"widget\" data-widget_type=\"heading.default\">\n\t\t\t\t<div class=\"elementor-widget-container\">\n\t\t\t<h3 class=\"elementor-heading-title elementor-size-default\">SOCIETATE<\/h3>\t\t<\/div>\n\t\t\t\t<\/div>\n\t\t\t\t<div class=\"elementor-element elementor-element-6131fcb elementor-hidden-desktop elementor-hidden-tablet elementor-hidden-phone elementor-widget elementor-widget-text-editor\" data-id=\"6131fcb\" data-element_type=\"widget\" data-widget_type=\"text-editor.default\">\n\t\t\t\t<div class=\"elementor-widget-container\">\n\t\t\t\t\t<div class=\"elementor-text-editor elementor-clearfix\"><p>Societatea noastr\u0103 traverseaz\u0103 perioade dificile f\u0103r\u0103 precedent, iar cel pu\u021bin putem oferi o m\u00e2n\u0103 de ajutor. \u00cen acest sens, la Kappa Resort, crez\u00e2nd cu t\u0103rie \u00een institu\u021bia sacr\u0103 a familiei \u0219i mai ales \u00een cei mai \u201einocen\u021bi\u201d membri ai acesteia, copiii, le suntem al\u0103turi \u00een mod activ. Kappa Resort ofer\u0103 un procent din fiecare rezervare realizat\u0103 prin intermediul site-ului s\u0103u, \u00een perioada 21\/06\/21 \u2013 21\/06\/22, pentru sus\u021binerea ac\u021biunilor organiza\u021biei \u201eZ\u00e2mbetul Copilului\u201d, contribuind astfel la importanta activitate desf\u0103\u0219urat\u0103 de-a lungul anilor de c\u0103tre asocia\u021bie. Pentru c\u0103 nimic nu este mai important dec\u00e2t z\u00e2mbetul copiilor no\u0219tri\u2026<\/p>\n<p>Pentru mai multe informa\u021bii, pute\u021bi vizita \u0219i site-ul oficial al organiza\u021biei acces\u00e2nd linkul <a href=\"https:\/\/www.hamogelo.gr\/gr\/el\/stirikste-mas\/\" target=\"_blank\" rel=\"noopener\">https:\/\/www.hamogelo.gr\/gr\/el\/stirikste-mas\/<\/a>.<\/p>\n<\/div>\n\t\t\t\t<\/div>\n\t\t\t\t<\/div>\n\t\t\t\t\t\t<\/div>\n\t\t\t\t\t<\/div>\n\t\t<\/div>\n\t\t\t\t<div class=\"elementor-column elementor-col-50 elementor-inner-column elementor-element elementor-element-7316642\" data-id=\"7316642\" data-element_type=\"column\">\n\t\t\t<div class=\"elementor-column-wrap elementor-element-populated\">\n\t\t\t\t\t\t\t<div class=\"elementor-widget-wrap\">\n\t\t\t\t\t\t<div class=\"elementor-element elementor-element-3fc7fa3 elementor-hidden-desktop elementor-hidden-tablet elementor-hidden-phone elementor-widget elementor-widget-image\" data-id=\"3fc7fa3\" data-element_type=\"widget\" data-widget_type=\"image.default\">\n\t\t\t\t<div class=\"elementor-widget-container\">\n\t\t\t\t\t<div class=\"elementor-image\">\n\t\t\t\t\t\t\t\t\t\t<img width=\"567\" height=\"567\" src=\"https:\/\/kapparesort.com\/wp-content\/uploads\/2021\/07\/HAMOGELO_logo_Greek.png\" class=\"attachment-large size-large\" alt=\"\" loading=\"lazy\" srcset=\"https:\/\/kapparesort.com\/wp-content\/uploads\/2021\/07\/HAMOGELO_logo_Greek.png 567w, https:\/\/kapparesort.com\/wp-content\/uploads\/2021\/07\/HAMOGELO_logo_Greek-300x300.png 300w, https:\/\/kapparesort.com\/wp-content\/uploads\/2021\/07\/HAMOGELO_logo_Greek-150x150.png 150w\" sizes=\"(max-width: 567px) 100vw, 567px\" \/>\t\t\t\t\t\t\t\t\t\t\t<\/div>\n\t\t\t\t<\/div>\n\t\t\t\t<\/div>\n\t\t\t\t\t\t<\/div>\n\t\t\t\t\t<\/div>\n\t\t<\/div>\n\t\t\t\t\t\t\t\t<\/div>\n\t\t\t\t\t<\/div>\n\t\t<\/section>\n\t\t\t\t\t\t<\/div>\n\t\t\t\t\t<\/div>\n\t\t<\/div>\n\t\t\t\t\t\t\t\t<\/div>\n\t\t\t\t\t<\/div>\n\t\t<\/section>\n\t\t\t\t<section class=\"elementor-section elementor-top-section elementor-element elementor-element-f6e88f5 elementor-hidden-desktop elementor-hidden-tablet elementor-hidden-phone elementor-section-boxed elementor-section-height-default elementor-section-height-default\" data-id=\"f6e88f5\" data-element_type=\"section\">\n\t\t\t\t\t\t<div class=\"elementor-container elementor-column-gap-default\">\n\t\t\t\t\t\t\t<div class=\"elementor-row\">\n\t\t\t\t\t<div class=\"elementor-column elementor-col-100 elementor-top-column elementor-element elementor-element-c8ab9e1\" data-id=\"c8ab9e1\" data-element_type=\"column\">\n\t\t\t<div class=\"elementor-column-wrap elementor-element-populated\">\n\t\t\t\t\t\t\t<div class=\"elementor-widget-wrap\">\n\t\t\t\t\t\t<div class=\"elementor-element elementor-element-5868f58 elementor-widget elementor-widget-image\" data-id=\"5868f58\" data-element_type=\"widget\" data-widget_type=\"image.default\">\n\t\t\t\t<div class=\"elementor-widget-container\">\n\t\t\t\t\t<div class=\"elementor-image\">\n\t\t\t\t\t\t\t\t\t\t<img width=\"768\" height=\"512\" src=\"https:\/\/kapparesort.com\/wp-content\/uploads\/2021\/07\/KAPPA-RESORT-768x512.jpg\" class=\"attachment-medium_large size-medium_large\" alt=\"\" loading=\"lazy\" srcset=\"https:\/\/kapparesort.com\/wp-content\/uploads\/2021\/07\/KAPPA-RESORT-768x512.jpg 768w, https:\/\/kapparesort.com\/wp-content\/uploads\/2021\/07\/KAPPA-RESORT-300x200.jpg 300w, https:\/\/kapparesort.com\/wp-content\/uploads\/2021\/07\/KAPPA-RESORT-1024x682.jpg 1024w, https:\/\/kapparesort.com\/wp-content\/uploads\/2021\/07\/KAPPA-RESORT-1536x1023.jpg 1536w, https:\/\/kapparesort.com\/wp-content\/uploads\/2021\/07\/KAPPA-RESORT.jpg 1621w\" sizes=\"(max-width: 768px) 100vw, 768px\" \/>\t\t\t\t\t\t\t\t\t\t\t<\/div>\n\t\t\t\t<\/div>\n\t\t\t\t<\/div>\n\t\t\t\t\t\t<\/div>\n\t\t\t\t\t<\/div>\n\t\t<\/div>\n\t\t\t\t\t\t\t\t<\/div>\n\t\t\t\t\t<\/div>\n\t\t<\/section>\n\t\t\t\t\t\t<\/div>\n\t\t\t\t\t\t<\/div>\n\t\t\t\t\t<\/div>\n\t\t","protected":false},"excerpt":{"rendered":"<p>RESPONSABILITATE SOCIAL\u0102 CORPORATIV\u0102 (CSR) Kappa Resort este, prin excelen\u021b\u0103, o destina\u021bie turistic\u0103 de familie. Principalul nostru obiectiv este ca oaspe\u021bii s\u0103 se bucure de momente de relaxare \u0219i lini\u0219te, \u00een mijlocul unui peisaj natural bogat. \u00cen acest context, prin ac\u021biunile noastre de Responsabilitate Social\u0103 Corporativ\u0103, alegem s\u0103 sus\u021binem doi factori esen\u021biali: mediul \u0219i, implicit, societatea [&hellip;]<\/p>\n","protected":false},"author":1,"featured_media":0,"parent":0,"menu_order":0,"comment_status":"closed","ping_status":"closed","template":"","meta":[],"_links":{"self":[{"href":"https:\/\/kapparesort.com\/ro\/wp-json\/wp\/v2\/pages\/13301"}],"collection":[{"href":"https:\/\/kapparesort.com\/ro\/wp-json\/wp\/v2\/pages"}],"about":[{"href":"https:\/\/kapparesort.com\/ro\/wp-json\/wp\/v2\/types\/page"}],"author":[{"embeddable":true,"href":"https:\/\/kapparesort.com\/ro\/wp-json\/wp\/v2\/users\/1"}],"replies":[{"embeddable":true,"href":"https:\/\/kapparesort.com\/ro\/wp-json\/wp\/v2\/comments?post=13301"}],"version-history":[{"count":1,"href":"https:\/\/kapparesort.com\/ro\/wp-json\/wp\/v2\/pages\/13301\/revisions"}],"predecessor-version":[{"id":13305,"href":"https:\/\/kapparesort.com\/ro\/wp-json\/wp\/v2\/pages\/13301\/revisions\/13305"}],"wp:attachment":[{"href":"https:\/\/kapparesort.com\/ro\/wp-json\/wp\/v2\/media?parent=13301"}],"curies":[{"name":"wp","href":"https:\/\/api.w.org\/{rel}","templated":true}]}}