{"id":13278,"date":"2021-02-11T15:13:42","date_gmt":"2021-02-11T13:13:42","guid":{"rendered":"https:\/\/kapparesort.com\/politica-generala\/"},"modified":"2026-03-26T11:09:32","modified_gmt":"2026-03-26T09:09:32","slug":"politica-generala","status":"publish","type":"page","link":"https:\/\/kapparesort.com\/ro\/politica-generala\/","title":{"rendered":"Politic\u0103 General\u0103"},"content":{"rendered":"\t\t<div data-elementor-type=\"wp-page\" data-elementor-id=\"13278\" class=\"elementor elementor-13278 elementor-949\" data-elementor-settings=\"[]\">\n\t\t\t\t\t\t<div class=\"elementor-inner\">\n\t\t\t\t\t\t\t<div class=\"elementor-section-wrap\">\n\t\t\t\t\t\t\t<section class=\"elementor-section elementor-top-section elementor-element elementor-element-8eb6e35 elementor-section-boxed elementor-section-height-default elementor-section-height-default\" data-id=\"8eb6e35\" data-element_type=\"section\">\n\t\t\t\t\t\t<div class=\"elementor-container elementor-column-gap-default\">\n\t\t\t\t\t\t\t<div class=\"elementor-row\">\n\t\t\t\t\t<div class=\"elementor-column elementor-col-100 elementor-top-column elementor-element elementor-element-15e7be2\" data-id=\"15e7be2\" data-element_type=\"column\">\n\t\t\t<div class=\"elementor-column-wrap elementor-element-populated\">\n\t\t\t\t\t\t\t<div class=\"elementor-widget-wrap\">\n\t\t\t\t\t\t\t\t<\/div>\n\t\t\t\t\t<\/div>\n\t\t<\/div>\n\t\t\t\t\t\t\t\t<\/div>\n\t\t\t\t\t<\/div>\n\t\t<\/section>\n\t\t\t\t<section class=\"elementor-section elementor-top-section elementor-element elementor-element-3cef3f4 elementor-section-boxed elementor-section-height-default elementor-section-height-default\" data-id=\"3cef3f4\" data-element_type=\"section\">\n\t\t\t\t\t\t<div class=\"elementor-container elementor-column-gap-default\">\n\t\t\t\t\t\t\t<div class=\"elementor-row\">\n\t\t\t\t\t<div class=\"elementor-column elementor-col-100 elementor-top-column elementor-element elementor-element-a009408\" data-id=\"a009408\" data-element_type=\"column\">\n\t\t\t<div class=\"elementor-column-wrap elementor-element-populated\">\n\t\t\t\t\t\t\t<div class=\"elementor-widget-wrap\">\n\t\t\t\t\t\t<div class=\"elementor-element elementor-element-81fa343 elementor-widget elementor-widget-spacer\" data-id=\"81fa343\" data-element_type=\"widget\" data-widget_type=\"spacer.default\">\n\t\t\t\t<div class=\"elementor-widget-container\">\n\t\t\t\t\t<div class=\"elementor-spacer\">\n\t\t\t<div class=\"elementor-spacer-inner\"><\/div>\n\t\t<\/div>\n\t\t\t\t<\/div>\n\t\t\t\t<\/div>\n\t\t\t\t<div class=\"elementor-element elementor-element-9718cb6 elementor-widget elementor-widget-text-editor\" data-id=\"9718cb6\" data-element_type=\"widget\" data-widget_type=\"text-editor.default\">\n\t\t\t\t<div class=\"elementor-widget-container\">\n\t\t\t\t\t<div class=\"elementor-text-editor elementor-clearfix\"><h3>Sejur minim<\/h3>\n<p>Sejurul minim este de o s\u0103pt\u0103m\u00e2n\u0103 (cu excep\u021bia cazului \u00een care exist\u0103 oferte speciale afi\u0219ate pe site-ul nostru).<\/p>\n<h3>Politic\u0103 de plat\u0103<\/h3>\n<h3><span style=\"color: var( --e-global-color-text ); font-family: var( --e-global-typography-text-font-family ), Sans-serif; font-size: 1rem;\">Metode de plat\u0103: Transfer bancar sau card de credit<\/span><\/h3>\n<p>Pentru a rezerva o vil\u0103\/suit\u0103:<\/p>\n<ul>\n<li>este necesar un depozit de 30% din suma total\u0103 &amp; plata restului sumei \u00een numerar la sosire<\/li>\n<li>este necesar\u0103 plata \u00een avans de 50% din cost \u00een cazul \u00een care alege\u021bi tariful NON REFUNDABLE (nerambursabil)<\/li>\n<li>este necesar un depozit de garan\u021bie de 200\u20ac \u00een numerar la sosire<\/li>\n<\/ul>\n<h3>Politic\u0103 de anulare<\/h3>\n<ul>\n<li>Dac\u0103 rezervarea este anulat\u0103 cu p\u00e2n\u0103 la 30 de zile \u00eenainte de sosire, depozitul va fi rambursat.<\/li>\n<li>Dac\u0103 rezervarea este anulat\u0103 cu mai pu\u021bin de 30 de zile \u00eenainte de sosire sau \u00een caz de NEPREZENTARE, depozitul nu va fi rambursat.<\/li>\n<li>\u00cen caz de PLECARE ANTICIPAT\u0102, se va achita 100% din costul total al sejurului.<\/li>\n<\/ul>\n<h3>\u00cen unit\u0103\u021bile de cazare<\/h3>\n<ul>\n<li>Check in \u2013 14:00<\/li>\n<li>Check out \u2013 11:00<\/li>\n<li>Este permis accesul cu un singur animal de companie<\/li>\n<\/ul>\n<\/div>\n\t\t\t\t<\/div>\n\t\t\t\t<\/div>\n\t\t\t\t\t\t<\/div>\n\t\t\t\t\t<\/div>\n\t\t<\/div>\n\t\t\t\t\t\t\t\t<\/div>\n\t\t\t\t\t<\/div>\n\t\t<\/section>\n\t\t\t\t\t\t<\/div>\n\t\t\t\t\t\t<\/div>\n\t\t\t\t\t<\/div>\n\t\t","protected":false},"excerpt":{"rendered":"<p>Sejur minim Sejurul minim este de o s\u0103pt\u0103m\u00e2n\u0103 (cu excep\u021bia cazului \u00een care exist\u0103 oferte speciale afi\u0219ate pe site-ul nostru). Politic\u0103 de plat\u0103 Metode de plat\u0103: Transfer bancar sau card de credit Pentru a rezerva o vil\u0103\/suit\u0103: este necesar un depozit de 30% din suma total\u0103 &amp; plata restului sumei \u00een numerar la sosire este [&hellip;]<\/p>\n","protected":false},"author":1,"featured_media":0,"parent":0,"menu_order":0,"comment_status":"closed","ping_status":"closed","template":"","meta":[],"_links":{"self":[{"href":"https:\/\/kapparesort.com\/ro\/wp-json\/wp\/v2\/pages\/13278"}],"collection":[{"href":"https:\/\/kapparesort.com\/ro\/wp-json\/wp\/v2\/pages"}],"about":[{"href":"https:\/\/kapparesort.com\/ro\/wp-json\/wp\/v2\/types\/page"}],"author":[{"embeddable":true,"href":"https:\/\/kapparesort.com\/ro\/wp-json\/wp\/v2\/users\/1"}],"replies":[{"embeddable":true,"href":"https:\/\/kapparesort.com\/ro\/wp-json\/wp\/v2\/comments?post=13278"}],"version-history":[{"count":1,"href":"https:\/\/kapparesort.com\/ro\/wp-json\/wp\/v2\/pages\/13278\/revisions"}],"predecessor-version":[{"id":13279,"href":"https:\/\/kapparesort.com\/ro\/wp-json\/wp\/v2\/pages\/13278\/revisions\/13279"}],"wp:attachment":[{"href":"https:\/\/kapparesort.com\/ro\/wp-json\/wp\/v2\/media?parent=13278"}],"curies":[{"name":"wp","href":"https:\/\/api.w.org\/{rel}","templated":true}]}}