{"id":13235,"date":"2021-02-22T11:50:34","date_gmt":"2021-02-22T09:50:34","guid":{"rendered":"https:\/\/kapparesort.com\/covid-19\/"},"modified":"2026-03-26T10:14:09","modified_gmt":"2026-03-26T08:14:09","slug":"covid-19","status":"publish","type":"page","link":"https:\/\/kapparesort.com\/ro\/covid-19\/","title":{"rendered":"Covid-19"},"content":{"rendered":"\t\t<div data-elementor-type=\"wp-page\" data-elementor-id=\"13235\" class=\"elementor elementor-13235 elementor-1459\" data-elementor-settings=\"[]\">\n\t\t\t\t\t\t<div class=\"elementor-inner\">\n\t\t\t\t\t\t\t<div class=\"elementor-section-wrap\">\n\t\t\t\t\t\t\t<section class=\"elementor-section elementor-top-section elementor-element elementor-element-81aac8a elementor-section-boxed elementor-section-height-default elementor-section-height-default\" data-id=\"81aac8a\" data-element_type=\"section\">\n\t\t\t\t\t\t<div class=\"elementor-container elementor-column-gap-default\">\n\t\t\t\t\t\t\t<div class=\"elementor-row\">\n\t\t\t\t\t<div class=\"elementor-column elementor-col-100 elementor-top-column elementor-element elementor-element-accfa15\" data-id=\"accfa15\" data-element_type=\"column\">\n\t\t\t<div class=\"elementor-column-wrap elementor-element-populated\">\n\t\t\t\t\t\t\t<div class=\"elementor-widget-wrap\">\n\t\t\t\t\t\t<div class=\"elementor-element elementor-element-20ff452 elementor-widget elementor-widget-spacer\" data-id=\"20ff452\" data-element_type=\"widget\" data-widget_type=\"spacer.default\">\n\t\t\t\t<div class=\"elementor-widget-container\">\n\t\t\t\t\t<div class=\"elementor-spacer\">\n\t\t\t<div class=\"elementor-spacer-inner\"><\/div>\n\t\t<\/div>\n\t\t\t\t<\/div>\n\t\t\t\t<\/div>\n\t\t\t\t\t\t<\/div>\n\t\t\t\t\t<\/div>\n\t\t<\/div>\n\t\t\t\t\t\t\t\t<\/div>\n\t\t\t\t\t<\/div>\n\t\t<\/section>\n\t\t\t\t<section class=\"elementor-section elementor-top-section elementor-element elementor-element-88f620a elementor-section-full_width elementor-section-height-default elementor-section-height-default\" data-id=\"88f620a\" data-element_type=\"section\">\n\t\t\t\t\t\t<div class=\"elementor-container elementor-column-gap-default\">\n\t\t\t\t\t\t\t<div class=\"elementor-row\">\n\t\t\t\t\t<div class=\"elementor-column elementor-col-33 elementor-top-column elementor-element elementor-element-a002d57\" data-id=\"a002d57\" data-element_type=\"column\">\n\t\t\t<div class=\"elementor-column-wrap\">\n\t\t\t\t\t\t\t<div class=\"elementor-widget-wrap\">\n\t\t\t\t\t\t\t\t<\/div>\n\t\t\t\t\t<\/div>\n\t\t<\/div>\n\t\t\t\t<div class=\"elementor-column elementor-col-33 elementor-top-column elementor-element elementor-element-b0c6d9f\" data-id=\"b0c6d9f\" data-element_type=\"column\">\n\t\t\t<div class=\"elementor-column-wrap elementor-element-populated\">\n\t\t\t\t\t\t\t<div class=\"elementor-widget-wrap\">\n\t\t\t\t\t\t<div class=\"elementor-element elementor-element-8a5f6b7 elementor-widget elementor-widget-heading\" data-id=\"8a5f6b7\" data-element_type=\"widget\" data-widget_type=\"heading.default\">\n\t\t\t\t<div class=\"elementor-widget-container\">\n\t\t\t<h1 class=\"elementor-heading-title elementor-size-default\">Politica hotelului privind COVID-19<\/h1>\t\t<\/div>\n\t\t\t\t<\/div>\n\t\t\t\t<div class=\"elementor-element elementor-element-5dcef92 elementor-widget elementor-widget-text-editor\" data-id=\"5dcef92\" data-element_type=\"widget\" data-widget_type=\"text-editor.default\">\n\t\t\t\t<div class=\"elementor-widget-container\">\n\t\t\t\t\t<div class=\"elementor-text-editor elementor-clearfix\"><p>Siguran\u021ba oaspe\u021bilor \u0219i a personalului nostru a fost \u00eentotdeauna \u0219i r\u0103m\u00e2ne prioritatea noastr\u0103 suprem\u0103. Facem tot ce ne st\u0103 \u00een putin\u021b\u0103 pentru a asigura siguran\u021ba c\u0103l\u0103toriei dumneavoastr\u0103 \u0219i pentru a oferi flexibilitate maxim\u0103, pe m\u0103sur\u0103 ce situa\u021bia privind noul coronavirus (COVID-19) continu\u0103 s\u0103 evolueze.<\/p>\n<p>Vom continua s\u0103 actualiz\u0103m aceast\u0103 pagin\u0103 cu cele mai recente informa\u021bii referitoare la flexibilitatea rezerv\u0103rilor, sprijinul pentru personalul \u0219i comunit\u0103\u021bile noastre, precum \u0219i siguran\u021ba c\u0103l\u0103toriilor.<\/p>\n<\/div>\n\t\t\t\t<\/div>\n\t\t\t\t<\/div>\n\t\t\t\t<div class=\"elementor-element elementor-element-6615b13 elementor-widget elementor-widget-image\" data-id=\"6615b13\" data-element_type=\"widget\" data-widget_type=\"image.default\">\n\t\t\t\t<div class=\"elementor-widget-container\">\n\t\t\t\t\t<div class=\"elementor-image\">\n\t\t\t\t\t\t\t\t\t\t<img width=\"800\" height=\"470\" src=\"https:\/\/kapparesort.com\/wp-content\/uploads\/2021\/02\/covid-banner-01-1024x602.jpg\" class=\"attachment-large size-large\" alt=\"\" loading=\"lazy\" srcset=\"https:\/\/kapparesort.com\/wp-content\/uploads\/2021\/02\/covid-banner-01-1024x602.jpg 1024w, https:\/\/kapparesort.com\/wp-content\/uploads\/2021\/02\/covid-banner-01-300x176.jpg 300w, https:\/\/kapparesort.com\/wp-content\/uploads\/2021\/02\/covid-banner-01-768x451.jpg 768w, https:\/\/kapparesort.com\/wp-content\/uploads\/2021\/02\/covid-banner-01-1536x902.jpg 1536w, https:\/\/kapparesort.com\/wp-content\/uploads\/2021\/02\/covid-banner-01.jpg 1600w\" sizes=\"(max-width: 800px) 100vw, 800px\" \/>\t\t\t\t\t\t\t\t\t\t\t<\/div>\n\t\t\t\t<\/div>\n\t\t\t\t<\/div>\n\t\t\t\t<div class=\"elementor-element elementor-element-7a9299a elementor-widget elementor-widget-heading\" data-id=\"7a9299a\" data-element_type=\"widget\" data-widget_type=\"heading.default\">\n\t\t\t\t<div class=\"elementor-widget-container\">\n\t\t\t<h2 class=\"elementor-heading-title elementor-size-default\">S\u0103n\u0103tate \u0219i igien\u0103<\/h2>\t\t<\/div>\n\t\t\t\t<\/div>\n\t\t\t\t<div class=\"elementor-element elementor-element-4eb596b elementor-widget elementor-widget-text-editor\" data-id=\"4eb596b\" data-element_type=\"widget\" data-widget_type=\"text-editor.default\">\n\t\t\t\t<div class=\"elementor-widget-container\">\n\t\t\t\t\t<div class=\"elementor-text-editor elementor-clearfix\"><p>Kappa Resort a dezvoltat \u0219i implementat, \u00eenc\u0103 din perioada de func\u021bionare a verii anului 2020, un program care introduce un nou standard de cur\u0103\u021benie \u0219i dezinfec\u021bie a hotelului, pentru a se asigura c\u0103 oaspe\u021bii se bucur\u0103 de un sejur \u0219i mai curat \u0219i mai sigur.<\/p>\n<p>Av\u00e2nd o suprafa\u021b\u0103 de 40.000 m\u00b2, Kappa Resort permite oaspe\u021bilor s\u0103 men\u021bin\u0103 distan\u021barea social\u0103 prev\u0103zut\u0103 \u0219i s\u0103 simt\u0103 intimitatea propriului spa\u021biu. Fiecare suit\u0103 sau vil\u0103 are o intrare exterioar\u0103 separat\u0103, ceea ce nu oblig\u0103 oaspe\u021bii s\u0103 intre \u00een holuri sau coridoare comune interioare. Bucura\u021bi-v\u0103 de spa\u021biul dumneavoastr\u0103 privat (gr\u0103din\u0103 sau teras\u0103) care ajunge \u00een unele cazuri p\u00e2n\u0103 la 700 m\u00b2, piscine private de 35 m\u00b2 \u0219i sim\u021bi\u021bi-v\u0103 ca acas\u0103 \u00een vilele confortabile sau suitele cu spa\u021biu interior de cel pu\u021bin 80 m\u00b2. \u00cempreun\u0103 cu familia sau animalele de companie, l\u0103sa\u021bi-v\u0103 pe m\u00e2na personalului nostru instruit, care face tot posibilul pentru a v\u0103 oferi vacan\u021ba sigur\u0103 \u0219i relaxant\u0103 pe care o merita\u021bi cu adev\u0103rat \u00een acest sezon estival.<\/p>\n<p>Pentru Kappa Resort, bun\u0103starea \u0219i s\u0103n\u0103tatea oaspe\u021bilor \u0219i a personalului sunt de o importan\u021b\u0103 capital\u0103. \u00cen urma COVID-19 \u0219i a preocup\u0103rilor tot mai mari \u00een domeniul igienei, Kappa Resort ia m\u0103suri preventive suplimentare pentru a proteja integritatea s\u0103n\u0103t\u0103\u021bii mediului s\u0103u, cu o aten\u021bie deosebit\u0103 la detalii.<\/p>\n<p>Asigur\u0103m preventiv sterilizarea necesar\u0103 \u00een tot Resortul pentru a preveni r\u0103sp\u00e2ndirea oric\u0103ror infec\u021bii. Confruntat cu preocup\u0103rile globale de s\u0103n\u0103tate cauzate de COVID-19, Kappa Resort aplic\u0103 m\u0103suri stricte suplimentare de dezinfec\u021bie profund\u0103 \u00een procesul de cur\u0103\u021bare a vilelor \u0219i suitelor pentru a reduce riscurile. Dezinfectante pentru m\u00e2ini, precum \u0219i \u0219erve\u021bele antibacteriene sunt furnizate \u00een multe puncte ale complexului \u0219i \u00een fiecare vil\u0103\/suit\u0103 separat. Departamentul de cur\u0103\u021benie se concentreaz\u0103 pe cur\u0103\u021barea zilnic\u0103 \u0219i dezinfectarea tuturor spa\u021biilor \u0219i suprafe\u021belor, cu o aten\u021bie deosebit\u0103 la clan\u021be\/m\u00e2nerele u\u0219ilor, \u00eentrerup\u0103toarele de lumin\u0103, suprafe\u021bele meselor \u0219i alte suprafe\u021be de utilizare frecvent\u0103, iar lenjeria este sp\u0103lat\u0103 la cea mai \u00eenalt\u0103 temperatur\u0103 posibil\u0103. M\u0103nu\u0219ile \u0219i m\u0103\u0219tile sunt utilizate \u00een mod special de personalul nostru, care a fost instruit eficient pentru a se proteja pe sine \u0219i pe clien\u021bii no\u0219tri de eventuale infec\u021bii.<\/p>\n<p>A\u0219tept\u0103rile \u00een zonele comune, cum ar fi recep\u021bia \u0219i restaurantul, vor fi reduse semnificativ pentru a evita aglomerarea oaspe\u021bilor.<\/p>\n<p>V\u0103 rug\u0103m s\u0103 face\u021bi rezerv\u0103ri \u00een avans pentru Kappa Restaurant, deoarece momentan oper\u0103m cu mai pu\u021bine locuri pentru a asigura distan\u021ba maxim\u0103 posibil\u0103 \u00eentre mese.<\/p>\n<p>\u00cen final, v\u0103 recomand\u0103m s\u0103 desc\u0103rca\u021bi aplica\u021bia Kappa Resort prin AppStore sau GooglePlay \u0219i s\u0103 efectua\u021bi check-in-ul online, f\u0103r\u0103 \u00eent\u00e2rzieri la recep\u021bie.<\/p>\n<p>V\u0103 rug\u0103m s\u0103 informa\u021bi recep\u021bia \u00een cazul \u00een care nu dori\u021bi s\u0103 primi\u021bi serviciul zilnic de cur\u0103\u021benie sau \u00eentre\u021binere \u0219i prefera\u021bi cur\u0103\u021benia o dat\u0103 la trei zile, pentru a evita pe c\u00e2t posibil interac\u021biunea cu personalul.<\/p>\n<p><strong>R\u0103m\u00e2ne\u021bi \u00een siguran\u021b\u0103 \u0219i bucura\u021bi-v\u0103 de vacan\u021b\u0103!<\/strong><\/p>\n<\/div>\n\t\t\t\t<\/div>\n\t\t\t\t<\/div>\n\t\t\t\t<div class=\"elementor-element elementor-element-b0aa3a0 elementor-widget elementor-widget-spacer\" data-id=\"b0aa3a0\" data-element_type=\"widget\" data-widget_type=\"spacer.default\">\n\t\t\t\t<div class=\"elementor-widget-container\">\n\t\t\t\t\t<div class=\"elementor-spacer\">\n\t\t\t<div class=\"elementor-spacer-inner\"><\/div>\n\t\t<\/div>\n\t\t\t\t<\/div>\n\t\t\t\t<\/div>\n\t\t\t\t<section class=\"elementor-section elementor-inner-section elementor-element elementor-element-1df0efe elementor-section-content-middle elementor-section-boxed elementor-section-height-default elementor-section-height-default\" data-id=\"1df0efe\" data-element_type=\"section\">\n\t\t\t\t\t\t<div class=\"elementor-container elementor-column-gap-default\">\n\t\t\t\t\t\t\t<div class=\"elementor-row\">\n\t\t\t\t\t<div class=\"elementor-column elementor-col-50 elementor-inner-column elementor-element elementor-element-016f99e\" data-id=\"016f99e\" data-element_type=\"column\">\n\t\t\t<div class=\"elementor-column-wrap elementor-element-populated\">\n\t\t\t\t\t\t\t<div class=\"elementor-widget-wrap\">\n\t\t\t\t\t\t<div class=\"elementor-element elementor-element-ac711a7 elementor-widget elementor-widget-image\" data-id=\"ac711a7\" data-element_type=\"widget\" data-widget_type=\"image.default\">\n\t\t\t\t<div class=\"elementor-widget-container\">\n\t\t\t\t\t<div class=\"elementor-image\">\n\t\t\t\t\t\t\t\t\t\t\t<a href=\"\/wp-content\/uploads\/2021\/02\/\u0394\u03ae\u03bb\u03c9\u03c3\u03b7-\u03a3\u03c5\u03bc\u03bc\u03cc\u03c1\u03c6\u03c9\u03c3\u03b7\u03c2-\u03bf\u03b9\u03ba-7.pdf\" target=\"_blank\">\n\t\t\t\t\t\t\t<img width=\"768\" height=\"475\" src=\"https:\/\/kapparesort.com\/wp-content\/uploads\/2021\/02\/covid-banner-02.jpg\" class=\"attachment-large size-large\" alt=\"\" loading=\"lazy\" srcset=\"https:\/\/kapparesort.com\/wp-content\/uploads\/2021\/02\/covid-banner-02.jpg 768w, https:\/\/kapparesort.com\/wp-content\/uploads\/2021\/02\/covid-banner-02-300x186.jpg 300w\" sizes=\"(max-width: 768px) 100vw, 768px\" \/>\t\t\t\t\t\t\t\t<\/a>\n\t\t\t\t\t\t\t\t\t\t\t<\/div>\n\t\t\t\t<\/div>\n\t\t\t\t<\/div>\n\t\t\t\t\t\t<\/div>\n\t\t\t\t\t<\/div>\n\t\t<\/div>\n\t\t\t\t<div class=\"elementor-column elementor-col-50 elementor-inner-column elementor-element elementor-element-da1c97b\" data-id=\"da1c97b\" data-element_type=\"column\">\n\t\t\t<div class=\"elementor-column-wrap elementor-element-populated\">\n\t\t\t\t\t\t\t<div class=\"elementor-widget-wrap\">\n\t\t\t\t\t\t<div class=\"elementor-element elementor-element-c5b3cd3 elementor-cta--skin-cover elementor-bg-transform elementor-bg-transform-zoom-in elementor-widget elementor-widget-call-to-action\" data-id=\"c5b3cd3\" data-element_type=\"widget\" data-widget_type=\"call-to-action.default\">\n\t\t\t\t<div class=\"elementor-widget-container\">\n\t\t\t\t\t<div  class=\"elementor-cta\">\n\t\t\t\t\t<div class=\"elementor-cta__bg-wrapper\">\n\t\t\t\t<div class=\"elementor-cta__bg elementor-bg\" style=\"background-image: url();\"><\/div>\n\t\t\t\t<div class=\"elementor-cta__bg-overlay\"><\/div>\n\t\t\t<\/div>\n\t\t\t\t\t\t\t<div class=\"elementor-cta__content\">\n\t\t\t\t\n\t\t\t\t\t\t\t\t\t<h3 class=\"elementor-cta__title elementor-cta__content-item elementor-content-item\">\n\t\t\t\t\t\tR\u0103m\u00e2ne\u021bi \u00een siguran\u021b\u0103\t\t\t\t\t<\/h3>\n\t\t\t\t\n\t\t\t\t\t\t\t\t\t<div class=\"elementor-cta__description elementor-cta__content-item elementor-content-item\">\n\t\t\t\t\t\t<p>Pentru mai multe informa\u021bii privind procedura de dezinfec\u021bie \u0219i protec\u021bie \u00eempotriva Covid-19, pute\u021bi desc\u0103rca fi\u0219ierul PDF cu Protocolul Kappa Resort.<\/p>\n\t\t\t\t\t<\/div>\n\t\t\t\t\n\t\t\t\t\t\t\t\t\t<div class=\"elementor-cta__button-wrapper elementor-cta__content-item elementor-content-item \">\n\t\t\t\t\t<a class=\"elementor-cta__button elementor-button elementor-size-sm\" href=\"\/wp-content\/uploads\/2021\/03\/KAPPA_RESORT_PROTOCOL_EL.pdf\" target=\"_blank\">\n\t\t\t\t\t\tDesc\u0103rcare\t\t\t\t\t<\/a>\n\t\t\t\t\t<\/div>\n\t\t\t\t\t\t\t<\/div>\n\t\t\t\t\t\t<\/div>\n\t\t\t\t<\/div>\n\t\t\t\t<\/div>\n\t\t\t\t\t\t<\/div>\n\t\t\t\t\t<\/div>\n\t\t<\/div>\n\t\t\t\t\t\t\t\t<\/div>\n\t\t\t\t\t<\/div>\n\t\t<\/section>\n\t\t\t\t\t\t<\/div>\n\t\t\t\t\t<\/div>\n\t\t<\/div>\n\t\t\t\t<div class=\"elementor-column elementor-col-33 elementor-top-column elementor-element elementor-element-4a93264\" data-id=\"4a93264\" data-element_type=\"column\">\n\t\t\t<div class=\"elementor-column-wrap\">\n\t\t\t\t\t\t\t<div class=\"elementor-widget-wrap\">\n\t\t\t\t\t\t\t\t<\/div>\n\t\t\t\t\t<\/div>\n\t\t<\/div>\n\t\t\t\t\t\t\t\t<\/div>\n\t\t\t\t\t<\/div>\n\t\t<\/section>\n\t\t\t\t\t\t<\/div>\n\t\t\t\t\t\t<\/div>\n\t\t\t\t\t<\/div>\n\t\t","protected":false},"excerpt":{"rendered":"<p>Politica hotelului privind COVID-19 Siguran\u021ba oaspe\u021bilor \u0219i a personalului nostru a fost \u00eentotdeauna \u0219i r\u0103m\u00e2ne prioritatea noastr\u0103 suprem\u0103. Facem tot ce ne st\u0103 \u00een putin\u021b\u0103 pentru a asigura siguran\u021ba c\u0103l\u0103toriei dumneavoastr\u0103 \u0219i pentru a oferi flexibilitate maxim\u0103, pe m\u0103sur\u0103 ce situa\u021bia privind noul coronavirus (COVID-19) continu\u0103 s\u0103 evolueze. Vom continua s\u0103 actualiz\u0103m aceast\u0103 pagin\u0103 cu [&hellip;]<\/p>\n","protected":false},"author":1,"featured_media":0,"parent":0,"menu_order":0,"comment_status":"closed","ping_status":"closed","template":"","meta":[],"_links":{"self":[{"href":"https:\/\/kapparesort.com\/ro\/wp-json\/wp\/v2\/pages\/13235"}],"collection":[{"href":"https:\/\/kapparesort.com\/ro\/wp-json\/wp\/v2\/pages"}],"about":[{"href":"https:\/\/kapparesort.com\/ro\/wp-json\/wp\/v2\/types\/page"}],"author":[{"embeddable":true,"href":"https:\/\/kapparesort.com\/ro\/wp-json\/wp\/v2\/users\/1"}],"replies":[{"embeddable":true,"href":"https:\/\/kapparesort.com\/ro\/wp-json\/wp\/v2\/comments?post=13235"}],"version-history":[{"count":3,"href":"https:\/\/kapparesort.com\/ro\/wp-json\/wp\/v2\/pages\/13235\/revisions"}],"predecessor-version":[{"id":13243,"href":"https:\/\/kapparesort.com\/ro\/wp-json\/wp\/v2\/pages\/13235\/revisions\/13243"}],"wp:attachment":[{"href":"https:\/\/kapparesort.com\/ro\/wp-json\/wp\/v2\/media?parent=13235"}],"curies":[{"name":"wp","href":"https:\/\/api.w.org\/{rel}","templated":true}]}}