{"id":4718,"date":"2021-02-11T15:13:42","date_gmt":"2021-02-11T13:13:42","guid":{"rendered":"https:\/\/kapparesort.com\/allgemeine-richtlinien\/"},"modified":"2022-11-28T11:35:41","modified_gmt":"2022-11-28T09:35:41","slug":"allgemeine-richtlinien","status":"publish","type":"page","link":"https:\/\/kapparesort.com\/de\/allgemeine-richtlinien\/","title":{"rendered":"Allgemeine Richtlinien"},"content":{"rendered":"\t\t<div data-elementor-type=\"wp-page\" data-elementor-id=\"4718\" class=\"elementor elementor-4718 elementor-949\" data-elementor-settings=\"[]\">\n\t\t\t\t\t\t<div class=\"elementor-inner\">\n\t\t\t\t\t\t\t<div class=\"elementor-section-wrap\">\n\t\t\t\t\t\t\t<section class=\"elementor-section elementor-top-section elementor-element elementor-element-8eb6e35 elementor-section-boxed elementor-section-height-default elementor-section-height-default\" data-id=\"8eb6e35\" data-element_type=\"section\">\n\t\t\t\t\t\t<div class=\"elementor-container elementor-column-gap-default\">\n\t\t\t\t\t\t\t<div class=\"elementor-row\">\n\t\t\t\t\t<div class=\"elementor-column elementor-col-100 elementor-top-column elementor-element elementor-element-15e7be2\" data-id=\"15e7be2\" data-element_type=\"column\">\n\t\t\t<div class=\"elementor-column-wrap elementor-element-populated\">\n\t\t\t\t\t\t\t<div class=\"elementor-widget-wrap\">\n\t\t\t\t\t\t\t\t<\/div>\n\t\t\t\t\t<\/div>\n\t\t<\/div>\n\t\t\t\t\t\t\t\t<\/div>\n\t\t\t\t\t<\/div>\n\t\t<\/section>\n\t\t\t\t<section class=\"elementor-section elementor-top-section elementor-element elementor-element-3cef3f4 elementor-section-boxed elementor-section-height-default elementor-section-height-default\" data-id=\"3cef3f4\" data-element_type=\"section\">\n\t\t\t\t\t\t<div class=\"elementor-container elementor-column-gap-default\">\n\t\t\t\t\t\t\t<div class=\"elementor-row\">\n\t\t\t\t\t<div class=\"elementor-column elementor-col-100 elementor-top-column elementor-element elementor-element-a009408\" data-id=\"a009408\" data-element_type=\"column\">\n\t\t\t<div class=\"elementor-column-wrap elementor-element-populated\">\n\t\t\t\t\t\t\t<div class=\"elementor-widget-wrap\">\n\t\t\t\t\t\t<div class=\"elementor-element elementor-element-81fa343 elementor-widget elementor-widget-spacer\" data-id=\"81fa343\" data-element_type=\"widget\" data-widget_type=\"spacer.default\">\n\t\t\t\t<div class=\"elementor-widget-container\">\n\t\t\t\t\t<div class=\"elementor-spacer\">\n\t\t\t<div class=\"elementor-spacer-inner\"><\/div>\n\t\t<\/div>\n\t\t\t\t<\/div>\n\t\t\t\t<\/div>\n\t\t\t\t<div class=\"elementor-element elementor-element-9718cb6 elementor-widget elementor-widget-text-editor\" data-id=\"9718cb6\" data-element_type=\"widget\" data-widget_type=\"text-editor.default\">\n\t\t\t\t<div class=\"elementor-widget-container\">\n\t\t\t\t\t<div class=\"elementor-text-editor elementor-clearfix\"><h3>Mindestaufenthalt<\/h3>\n<p>Der Mindestaufenthalt betr\u00e4gt eine Woche (es sei denn, auf unserer Website sind Sonderangebote ver\u00f6ffentlicht).<\/p>\n<h3>Zahlungspolitik<\/h3>\n<p>Zahlungsmethoden: \u00dcberweisung oder Kreditkarte<\/p>\n<p>So buchen Sie eine Villa \/ Suite:<\/p>\n<ul>\n<li>30% Anzahlung des Gesamtbetrags ist erforderlich und Barzahlung bei Ankunft<\/li>\n<li>Eine Vorauszahlung von 50% ist erforderlich, wenn Sie NICHT R\u00dcCKERSTATTBAR w\u00e4hlen (nicht erstattbarer Betrag).<\/li>\n<li>Bei der Ankunft ist eine Kaution in H\u00f6he von 200 \u20ac BAR zu<\/li>\n<\/ul>\n<h3>Stornierungsbedingungen<\/h3>\n<ul>\n<li>Wenn die Reservierung bis 30 Tage vor Anreise storniert wird, wird die Anzahlung zur\u00fcckerstattet.<\/li>\n<li>Wenn die Reservierung weniger als 30 Tage vor Anreise oder bei Nichterscheinen storniert wird, wird die Anzahlung nicht zur\u00fcckerstattet.<\/li>\n<li>Bei fr\u00fchzeitiger Abreise werden 100% der gesamten \u00dcbernachtungskosten bezahlt.<\/li>\n<\/ul>\n<h3>In der Unterkunft<\/h3>\n<ul>\n<li>Check in &#8211; 14:00<\/li>\n<li>Auschecken &#8211; 11:00<\/li>\n<li>Bis zu einem Haustier ist erlaubt<\/li>\n<\/ul><\/div>\n\t\t\t\t<\/div>\n\t\t\t\t<\/div>\n\t\t\t\t\t\t<\/div>\n\t\t\t\t\t<\/div>\n\t\t<\/div>\n\t\t\t\t\t\t\t\t<\/div>\n\t\t\t\t\t<\/div>\n\t\t<\/section>\n\t\t\t\t\t\t<\/div>\n\t\t\t\t\t\t<\/div>\n\t\t\t\t\t<\/div>\n\t\t","protected":false},"excerpt":{"rendered":"<p>Mindestaufenthalt Der Mindestaufenthalt betr\u00e4gt eine Woche (es sei denn, auf unserer Website sind Sonderangebote ver\u00f6ffentlicht). Zahlungspolitik Zahlungsmethoden: \u00dcberweisung oder Kreditkarte So buchen Sie eine Villa \/ Suite: 30% Anzahlung des Gesamtbetrags ist erforderlich und Barzahlung bei Ankunft Eine Vorauszahlung von 50% ist erforderlich, wenn Sie NICHT R\u00dcCKERSTATTBAR w\u00e4hlen (nicht erstattbarer Betrag). Bei der Ankunft ist [&hellip;]<\/p>\n","protected":false},"author":1,"featured_media":0,"parent":0,"menu_order":0,"comment_status":"closed","ping_status":"closed","template":"","meta":[],"_links":{"self":[{"href":"https:\/\/kapparesort.com\/de\/wp-json\/wp\/v2\/pages\/4718"}],"collection":[{"href":"https:\/\/kapparesort.com\/de\/wp-json\/wp\/v2\/pages"}],"about":[{"href":"https:\/\/kapparesort.com\/de\/wp-json\/wp\/v2\/types\/page"}],"author":[{"embeddable":true,"href":"https:\/\/kapparesort.com\/de\/wp-json\/wp\/v2\/users\/1"}],"replies":[{"embeddable":true,"href":"https:\/\/kapparesort.com\/de\/wp-json\/wp\/v2\/comments?post=4718"}],"version-history":[{"count":7,"href":"https:\/\/kapparesort.com\/de\/wp-json\/wp\/v2\/pages\/4718\/revisions"}],"predecessor-version":[{"id":8760,"href":"https:\/\/kapparesort.com\/de\/wp-json\/wp\/v2\/pages\/4718\/revisions\/8760"}],"wp:attachment":[{"href":"https:\/\/kapparesort.com\/de\/wp-json\/wp\/v2\/media?parent=4718"}],"curies":[{"name":"wp","href":"https:\/\/api.w.org\/{rel}","templated":true}]}}