{"id":4664,"date":"2021-02-11T15:10:05","date_gmt":"2021-02-11T13:10:05","guid":{"rendered":"https:\/\/kapparesort.com\/privatsphaere\/"},"modified":"2021-03-01T15:48:37","modified_gmt":"2021-03-01T13:48:37","slug":"privatsphaere","status":"publish","type":"page","link":"https:\/\/kapparesort.com\/de\/privatsphaere\/","title":{"rendered":"Privatsph\u00e4re"},"content":{"rendered":"\t\t<div data-elementor-type=\"wp-page\" data-elementor-id=\"4664\" class=\"elementor elementor-4664 elementor-941\" data-elementor-settings=\"[]\">\n\t\t\t\t\t\t<div class=\"elementor-inner\">\n\t\t\t\t\t\t\t<div class=\"elementor-section-wrap\">\n\t\t\t\t\t\t\t<section class=\"elementor-section elementor-top-section elementor-element elementor-element-5eeab26 elementor-section-boxed elementor-section-height-default elementor-section-height-default\" data-id=\"5eeab26\" data-element_type=\"section\">\n\t\t\t\t\t\t<div class=\"elementor-container elementor-column-gap-default\">\n\t\t\t\t\t\t\t<div class=\"elementor-row\">\n\t\t\t\t\t<div class=\"elementor-column elementor-col-100 elementor-top-column elementor-element elementor-element-6ffcf38\" data-id=\"6ffcf38\" data-element_type=\"column\">\n\t\t\t<div class=\"elementor-column-wrap elementor-element-populated\">\n\t\t\t\t\t\t\t<div class=\"elementor-widget-wrap\">\n\t\t\t\t\t\t\t\t<\/div>\n\t\t\t\t\t<\/div>\n\t\t<\/div>\n\t\t\t\t\t\t\t\t<\/div>\n\t\t\t\t\t<\/div>\n\t\t<\/section>\n\t\t\t\t<section class=\"elementor-section elementor-top-section elementor-element elementor-element-4cdf1d7 elementor-section-boxed elementor-section-height-default elementor-section-height-default\" data-id=\"4cdf1d7\" data-element_type=\"section\">\n\t\t\t\t\t\t<div class=\"elementor-container elementor-column-gap-default\">\n\t\t\t\t\t\t\t<div class=\"elementor-row\">\n\t\t\t\t\t<div class=\"elementor-column elementor-col-100 elementor-top-column elementor-element elementor-element-7a8c6ac\" data-id=\"7a8c6ac\" data-element_type=\"column\">\n\t\t\t<div class=\"elementor-column-wrap elementor-element-populated\">\n\t\t\t\t\t\t\t<div class=\"elementor-widget-wrap\">\n\t\t\t\t\t\t<div class=\"elementor-element elementor-element-58f1b4d elementor-widget elementor-widget-spacer\" data-id=\"58f1b4d\" data-element_type=\"widget\" data-widget_type=\"spacer.default\">\n\t\t\t\t<div class=\"elementor-widget-container\">\n\t\t\t\t\t<div class=\"elementor-spacer\">\n\t\t\t<div class=\"elementor-spacer-inner\"><\/div>\n\t\t<\/div>\n\t\t\t\t<\/div>\n\t\t\t\t<\/div>\n\t\t\t\t<div class=\"elementor-element elementor-element-87eb8b4 elementor-widget elementor-widget-text-editor\" data-id=\"87eb8b4\" data-element_type=\"widget\" data-widget_type=\"text-editor.default\">\n\t\t\t\t<div class=\"elementor-widget-container\">\n\t\t\t\t\t<div class=\"elementor-text-editor elementor-clearfix\"><p>Das Kappa Resort nimmt Ihre Privatsph\u00e4re sehr ernst. Wir haben diese Datenschutzrichtlinie erstellt, um Sie besser mit den Informationen vertraut zu machen, die wir von Hotelg\u00e4sten und Website-Besuchern sammeln, und wie Kappa Resort diese Informationen verwendet, um den Bed\u00fcrfnissen unserer G\u00e4ste besser gerecht zu werden.<\/p>\n<p><b>Was sind pers\u00f6nliche Daten?<\/b><\/p>\n<p>Der Begriff &#8222;Pers\u00f6nliche Informationen&#8220; bezieht sich auf alle Informationen, die verwendet werden k\u00f6nnen, um Sie als Einzelperson zu identifizieren. Dies kann unter anderem Ihren Namen, Ihre Adresse, Ihr Alter, Ihr Geschlecht usw. umfassen.<\/p>\n<p><b>Wie werden pers\u00f6nliche Daten gesammelt?<\/b><\/p>\n<p>1. Nutzung unserer Website<\/p>\n<p>EIN. Zun\u00e4chst durch Kontaktaufnahme mit unserer Website<\/p>\n<p>Wenn Sie unsere Website besuchen, erhalten Sie zun\u00e4chst ein &#8222;Cookie&#8220; und Ihrem Computer wird eine ID-Nummer zugewiesen. Ein Cookie ist ein h\u00e4ufig verwendetes Ger\u00e4t, das die Einstellungen eines einzelnen Benutzers \u00fcberwacht und Ihren Besuch auf der Website verbessern kann. Cookies erm\u00f6glichen es uns, ein individuelles Erlebnis zu bieten, ohne dass der Besucher uns bei jedem Besuch unserer Website an seine Vorlieben erinnern muss. Unsere Cookies enthalten keine personenbezogenen Daten. Resort Kappa-Cookies erfassen Besucher auch nicht, wenn sie nach dem Verlassen der Kappa Resort-Website online reisen.<\/p>\n<p>Unsere Website verwendet au\u00dferdem Google Analytics-Werbefunktionen (einschlie\u00dflich wiederholtes Marketing und demografische Daten sowie interessenbezogene Berichte), eine der am h\u00e4ufigsten verwendeten und zuverl\u00e4ssigsten Webanalysel\u00f6sungen, um zu verstehen, wie Sie die Website nutzen und wie wir Ihre Erfahrung verbessern k\u00f6nnen . Diese Cookies k\u00f6nnen beispielsweise nachverfolgen, wie viel Zeit Sie auf der Website verbringen und welche Seiten Sie besuchen. Auf diese Weise k\u00f6nnen wir feststellen, welche Websites bei unseren Benutzern beliebt sind und welche nicht. Dies hilft uns unter anderem, die Website basierend auf Daten wie der Gesamtzahl der Besucher und der angezeigten Seiten zu verbessern und zu aktualisieren. Weitere Informationen zu Google Analytics-Cookies finden Sie auf der offiziellen Google Analytics-Seite.<\/p>\n<p>Schlie\u00dflich verwenden wir Re-Marketing-Tracking-Cookies von Drittanbietern f\u00fcr deren Websites und \/ oder Subdomains, einschlie\u00dflich des Google Adwords Tracking Cookies und des Facebook Pixel Remarketing.<\/p>\n<p>Cookies deaktivieren &#8211; Von Drittanbietern blockieren<\/p>\n<p>Wenn Sie keine Cookies akzeptieren m\u00f6chten, k\u00f6nnen Sie diese deaktivieren, indem Sie die Einstellungen Ihres Internetbrowsers anpassen. Besucher sollten jedoch verstehen, dass die Ablehnung von Cookies Ihre F\u00e4higkeit beeintr\u00e4chtigt, die durch die Verwendung von Cookies gebotenen Vorteile zu nutzen, und dass Sie bestimmte Anpassungsfunktionen, die mit der Erstellung eines Benutzerprofils verbunden sind, nicht nutzen k\u00f6nnen. Sie k\u00f6nnen Google Analytics auch ausw\u00e4hlen, indem Sie die Google Analytics-Deaktivierungsseite aufrufen.<\/p>\n<p>Sobald Sie unsere Website besuchen und das Cookie akzeptieren, entspricht Ihre ID-Nummer bei jedem Besuch unserer Website automatisch Ihrem Computer. Obwohl Sie anonym bleiben, bis Sie pers\u00f6nliche Informationen auf der Website eingeben, k\u00f6nnen wir Ihre Sitzung mit Ihrer ID-Nummer aufzeichnen, um Sie besser zu unterst\u00fctzen, wenn Sie einen personalisierten Service oder Support ben\u00f6tigen. Nach der Eingabe pers\u00f6nlicher Informationen auf der Website verkn\u00fcpfen wir die ID-Nummer mit Ihren Kontaktinformationen, damit wir Sie bei einem zuk\u00fcnftigen Besuch identifizieren k\u00f6nnen. Wir verwenden es auch, um Informationen zu verfolgen, die f\u00fcr Sie von besonderem Interesse zu sein scheinen.<\/p>\n<p>B. Beim Surfen auf unserer Website<br \/>Wenn Sie auf unserer Website nach Informationen suchen, an denen Sie interessiert sind, k\u00f6nnen Sie eine spezielle &#8222;Anfrage&#8220; zu unserem Hotel einreichen oder online chatten. Um auf diese Anfrage zu antworten, fordern wir m\u00f6glicherweise pers\u00f6nliche Informationen wie Ihren Namen, Ihre Postleitzahl, Ihre E-Mail-Adresse und Ihre Telefonnummer an.<\/p>\n<p>Falls Sie uns diese Informationen geben, verwenden wir sie nur f\u00fcr den Zweck, den wir f\u00fcr Sie festgelegt haben. Wir senden Ihnen nur dann E-Mails, wenn Sie dies w\u00fcnschen, und Sie k\u00f6nnen aus einer Reihe alternativer Methoden ausw\u00e4hlen, um auf eine Anfrage zu antworten. Die \u00dcbermittlung Ihrer personenbezogenen Daten stellt Ihre Anerkennung und Zustimmung zu den in dieser Datenschutzrichtlinie enthaltenen Bedingungen dar. Wenn Sie sich unwohl f\u00fchlen, wenn Sie diese Informationen online bereitstellen, k\u00f6nnen Sie uns jederzeit anrufen, um weitere Informationen zu erhalten.<\/p>\n<p>Wenn Sie m\u00f6chten, k\u00f6nnen Sie auch Ihre E-Mail-Adresse angeben, um sie in eine Abonnementliste aufzunehmen oder andere Informationen zu erhalten. Sie werden nur dann in diese Liste aufgenommen, wenn Sie angeben, dass Sie aufgenommen werden m\u00f6chten. Wenn Sie sich f\u00fcr unsere Mailingliste entscheiden, k\u00f6nnen Sie jederzeit die Abmeldung von der Liste beantragen. G\u00e4ste k\u00f6nnen jederzeit jegliche Art von Kommunikation vom Kappa Resort annehmen oder ablehnen.<\/p>\n<p>2. Nutzung unserer Anwendung<\/p>\n<p>Wenn Sie unsere Anwendung herunterladen, k\u00f6nnen Sie online einchecken, einen Tisch in unserem Restaurant reservieren und eine Tageskreuzfahrt buchen. Einige Ihrer pers\u00f6nlichen Daten sind erforderlich, um alle oben genannten Punkte zu vervollst\u00e4ndigen. Die \u00dcbermittlung Ihrer personenbezogenen Daten stellt Ihre Anerkennung und Zustimmung zu den in dieser Datenschutzrichtlinie enthaltenen Bedingungen dar. Wenn Sie sich unwohl f\u00fchlen, wenn Sie diese Informationen online bereitstellen, k\u00f6nnen Sie uns jederzeit anrufen, um weitere Informationen zu erhalten.<\/p>\n<p>3. Wenn Sie telefonisch reservieren.<\/p>\n<p>Reservierungen k\u00f6nnen durch einen direkten Anruf bei uns vorgenommen werden. Wenn Sie eine Reservierung vornehmen, fordern wir m\u00f6glicherweise pers\u00f6nliche Informationen wie Ihren Namen, Ihre Adresse, Ihre Telefonnummer und Ihre Zahlungsmethode an. Wir k\u00f6nnen auch Zimmerpr\u00e4ferenzen oder Sonderw\u00fcnsche von Ihnen erhalten. Die Buchungsbest\u00e4tigung erhalten Sie per E-Mail direkt vom Hotel.<\/p>\n<\/p>\n<p>4. W\u00e4hrend Ihres Aufenthalts im Kappa Resort<\/p>\n<p>W\u00e4hrend Ihres Aufenthalts erfassen wir Ihre detaillierten Ausgaben, damit wir Ihre &#8222;Karte&#8220; zusammenstellen k\u00f6nnen, die Ihren Unterkunftspreis und andere Ihrer Unterkunft in Rechnung gestellte Kosten bestimmt. Wir zeichnen diese Informationen auch auf, um die Anforderungen an die Finanzberichterstattung zu erf\u00fcllen, einschlie\u00dflich der von unseren Wirtschaftspr\u00fcfern und staatlichen Aufsichtsbeh\u00f6rden auferlegten. Wir k\u00f6nnen auch bestimmte Informationen gem\u00e4\u00df den \u00f6rtlichen Gesetzen sammeln (z. B. Passnummer).<\/p>\n<p>Dar\u00fcber hinaus behalten wir m\u00f6glicherweise den Inhalt aller Dokumente (einschlie\u00dflich Kommentare, elektronischer Dokumente wie E-Mail und anderer \u00e4hnlicher Kommunikationsformen), die Sie uns vor, w\u00e4hrend oder nach Ihrem Aufenthalt senden. Diese Informationen k\u00f6nnen mit dem Hotelinterieur geteilt werden, werden jedoch nicht an Dritte weitergegeben.<\/p>\n<p><b>Wie speichern wir diese Informationen?<\/b><\/p>\n<p>Im Hotel<br \/>Das Kappa Resort stellt sicher, dass alle pers\u00f6nlichen Daten an einem sicheren Ort aufbewahrt werden, unabh\u00e4ngig davon, ob es sich um eine Datenbank oder ein Archiv handelt. Dar\u00fcber hinaus ergreifen wir Ma\u00dfnahmen, um sicherzustellen, dass nur bestimmte Personen Zugriff auf diese Informationen haben.<\/p>\n<p>Im Besucherreservierungssystem<br \/>Um Ihnen einen besseren Service bieten zu k\u00f6nnen, speichern wir auch einige Gastinformationen im Gastreservierungssystem. Dies ist eine sichere Client-Datenbank, die auf einem dedizierten Server gespeichert ist.<\/p>\n<p>Zu den gespeicherten Informationen geh\u00f6ren Name, Adresse, Telefonnummer und Kreditkartennummer des Gastes, Anzahl der \u00dcbernachtungen, durchschnittlicher Tagessatz und andere Statistiken.<\/p>\n<p><b>Welche Informationen sind nicht sicher?<\/b><\/p>\n<p>Es ist wichtig zu beachten, dass jede E-Mail-Kommunikation nicht sicher ist. Dies ist das Risiko bei der Verwendung von E-Mails. Bitte beachten Sie dies, wenn Sie Informationen anfordern oder Formulare per E-Mail an uns senden (z. B. im Bereich Kontakt unserer Website). Wir empfehlen, dass Sie bei der Verwendung von E-Mail keine vertraulichen Informationen (dh Kreditkarteninformationen) angeben. Zu Ihrem Schutz enthalten unsere E-Mail-Antworten an Sie keine vertraulichen Informationen.<\/p>\n<p><b>Warum werden pers\u00f6nliche Daten gesammelt?<\/b><\/p>\n<p>F\u00fcr die Bereitstellung eines \u00fcberlegenen Kundenservice<br \/>Personenbezogene Daten werden gesammelt, um uns bei Ihrer Reservierung zu helfen, um sicherzustellen, dass wir Ihre Bed\u00fcrfnisse w\u00e4hrend Ihres Aufenthalts bei uns erf\u00fcllen, und \/ oder um Ihnen zu erm\u00f6glichen, Sie in Bezug auf Probleme zu kontaktieren, die sich aus Ihrem Aufenthalt bei uns ergeben.<\/p>\n<p>Durch die Aufbewahrung bestimmter pers\u00f6nlicher Informationen im Archiv, wie z. B. Besucherhistorie und detaillierte Ausgaben, k\u00f6nnen ehemalige G\u00e4ste des Kappa Resort fr\u00fchere Transaktionen best\u00e4tigen und auf der Grundlage dieser Historie spezielle Anfragen f\u00fcr ihren Aufenthalt stellen.<\/p>\n<p>Um unsere G\u00e4ste zu informieren<br \/>Wie in unseren rechtlichen Hinweisen angegeben, senden wir Ihnen m\u00f6glicherweise Informationen zu unseren Produkten, Dienstleistungen, Angeboten, M\u00f6glichkeiten, W\u00fcnschen und Neuigkeiten zu unserem Hotel oder laden Sie per E-Mail (E-Newsletter) zu Veranstaltungen ein.<\/p>\n<p>Sie k\u00f6nnen den Erhalt dieses E-Newsletters jederzeit beenden, indem Sie auf &#8222;L\u00f6schen&#8220; klicken. In jedem Fall erhalten Sie solche Newsletter erst nach Ihrem Abonnement (online oder im Registrierungsformular).<\/p>\n<p><b>Welche Informationen k\u00f6nnen zwischen internen Abteilungen ausgetauscht werden?<\/b><\/p>\n<p>Die Informationen werden zwischen den internen Abteilungen ausgetauscht, wodurch die Dienstleistungen f\u00fcr den Besucher (z. B. die Buchungsabteilung und die Front-Office-Abteilung) verbessert werden.<\/p>\n<p>Wenn ein Gast die f\u00e4llige Rechnung nicht rechtzeitig bezahlt oder im Zusammenhang mit den Zahlungsverpflichtungen rechtswidrig handelt, k\u00f6nnen diese Informationen an die Buchhalter des Kappa Resort weitergegeben werden.<\/p>\n<p><b>Welche pers\u00f6nlichen Daten k\u00f6nnen an Dritte weitergegeben werden?<\/b><\/p>\n<p>Vertreter, Auftragnehmer oder Drittanbieter von Kappa Resort erhalten m\u00f6glicherweise Ihre pers\u00f6nlichen Daten, wenn sie Dienstleistungen im Kappa Resort erbringen, um den Bed\u00fcrfnissen unserer Kunden besser gerecht zu werden. Durch vertragliche oder andere Vereinbarungen stellt Kappa Resort sicher, dass diese Parteien Ihre Privatsph\u00e4re auf eine Weise sch\u00fctzen, die den in dieser Datenschutzrichtlinie festgelegten Grunds\u00e4tzen entspricht.<\/p>\n<p>Wir werden personenbezogene Daten \u00fcber Sie au\u00dferhalb von Kappa Resort nur dann ohne Ihre Zustimmung weitergeben, wenn: (a) dies gesetzlich vorgeschrieben oder zul\u00e4ssig ist (z. B. als Reaktion auf einen rechtlichen Anruf). (b) Sie m\u00fcssen die von Ihnen angeforderten Dienstleistungen erhalten. In diesem Fall wird davon ausgegangen, dass Sie Ihre Zustimmung impliziert haben (z. B. Mietwagen, Massage). (c) Wenn Ihr Aufenthalt von einem Dritten bezahlt wurde, geben wir die Zahlungsinformationen an die Partei weiter, die zahlen wird. (d) wenn Sie den Restbetrag nicht bezahlt haben.<\/p>\n<p>Wenn das Kappa Resort den Verdacht hat, dass illegale Aktivit\u00e4ten stattfinden, kann es seine Feststellungen oder Verd\u00e4chtigungen untersuchen und \/ oder der Polizei oder einer anderen Strafverfolgungsbeh\u00f6rde melden.<\/p>\n<p><b>Wie kann ich auf meine pers\u00f6nlichen Daten zugreifen?<\/b><\/p>\n<p>Wir verstehen, dass Sie m\u00f6glicherweise wissen m\u00f6chten, welche pers\u00f6nlichen Informationen wir \u00fcber Sie haben. Gerne unterst\u00fctzen wir Sie bei Ihrer Anfrage. Um Ihre pers\u00f6nlichen Daten zu sch\u00fctzen, bitten wir Sie jedoch, uns zum Zeitpunkt Ihrer Bewerbung Ihre Identit\u00e4t nachzuweisen.<\/p>\n<p>Wenn Sie pers\u00f6nlich eine Anfrage stellen, werden Sie gebeten, einen Lichtbildausweis wie einen Reisepass oder einen F\u00fchrerschein vorzulegen, und Sie werden gebeten, ein Antragsformular zu unterschreiben.<\/p>\n<p>Wenn Sie eine Anfrage auf andere Weise stellen, bitten wir Sie, die Anfrage schriftlich per Fax oder Brief zu stellen, einschlie\u00dflich einer von der Regierung ausgestellten Kopie des Personalausweises und der Unterschrift. Wir fragen auch nach Privat- und Gesch\u00e4ftsadressen und Telefonnummern, damit wir diese anhand unserer Unterlagen \u00fcberpr\u00fcfen und uns mit Ihrer Identit\u00e4t zufrieden geben k\u00f6nnen.<\/p>\n<p>Die obigen Informationen sind erforderlich, um einen Steuerpfad f\u00fcr die Behandlung der Anwendung zu erstellen. Auf Anfrage kann jede Korrespondenz oder Anfrage aufbewahrt und zu Ihren pers\u00f6nlichen Daten hinzugef\u00fcgt werden.<\/p>\n<p><b>Wie kann ich meine pers\u00f6nlichen Daten \u00fcberpr\u00fcfen?<\/b><\/p>\n<p>Wenn Sie Ihre pers\u00f6nlichen Daten jederzeit aktualisieren m\u00f6chten, k\u00f6nnen Sie dies tun, indem Sie sich an die B\u00fcros unseres Unternehmens wenden:<\/p>\n<p>&#8211; per E-Mail an: info@kapparesort.com<\/p>\n<p>&#8211; per Fax an +30 2310 855 642<\/p>\n<p>&#8211; per Brief:<\/p>\n<p>Kappa Resort<\/p>\n<p>Hauptquartier<\/p>\n<p>Markou Botsari 20<\/p>\n<p>54643 Thessaloniki<\/p>\n<p>Oder besuchen Sie unsere Website unter www.kapparesort.com<\/p>\n<p><b>Wie lange werden meine pers\u00f6nlichen Daten aufbewahrt?<\/b><\/p>\n<p>Ihre pers\u00f6nlichen Daten im Besucherreservierungssystem werden von Kappa Resort auf unbestimmte Zeit gespeichert, wenn ein gesch\u00e4ftlicher Zweck daf\u00fcr besteht. Anmeldeformulare werden nach einem Jahr vernichtet.<\/p>\n<p><b>Wie erfahre ich, ob \u00c4nderungen an dieser Richtlinie vorgenommen wurden?<\/b><\/p>\n<p>Wenn wir uns entscheiden, unsere Datenschutzrichtlinie zu \u00e4ndern, werden wir diese \u00c4nderungen auf unserer Website (www.kapparesort.com) ver\u00f6ffentlichen, damit Sie immer wissen, wie wir mit personenbezogenen Daten umgehen. Wenn Sie mit der unterschiedlichen Art und Weise, wie wir personenbezogene Daten verwenden m\u00f6chten, nicht einverstanden sind, k\u00f6nnen Sie dies schriftlich anfordern, wenn diese nicht auf diese unterschiedliche Weise verwendet werden. Wenn Sie keine Einw\u00e4nde haben, wird davon ausgegangen, dass Sie der Verwendung Ihrer pers\u00f6nlichen Daten in ge\u00e4nderter Weise zugestimmt haben.<\/p>\n<p><b>Welche Gesetze gelten f\u00fcr diese Richtlinie?<\/b><\/p>\n<p>Das Kappa Resort befindet sich in Griechenland. Daher wenden wir die Anforderungen des griechischen Rechts an. Wir garantieren die Privatsph\u00e4re und den Schutz Ihrer pers\u00f6nlichen Daten gem\u00e4\u00df der neuen Europ\u00e4ischen Allgemeinen Datenschutzverordnung (DSGVO).<\/p>\n<\/div>\n\t\t\t\t<\/div>\n\t\t\t\t<\/div>\n\t\t\t\t\t\t<\/div>\n\t\t\t\t\t<\/div>\n\t\t<\/div>\n\t\t\t\t\t\t\t\t<\/div>\n\t\t\t\t\t<\/div>\n\t\t<\/section>\n\t\t\t\t\t\t<\/div>\n\t\t\t\t\t\t<\/div>\n\t\t\t\t\t<\/div>\n\t\t","protected":false},"excerpt":{"rendered":"<p>Das Kappa Resort nimmt Ihre Privatsph\u00e4re sehr ernst. Wir haben diese Datenschutzrichtlinie erstellt, um Sie besser mit den Informationen vertraut zu machen, die wir von Hotelg\u00e4sten und Website-Besuchern sammeln, und wie Kappa Resort diese Informationen verwendet, um den Bed\u00fcrfnissen unserer G\u00e4ste besser gerecht zu werden. Was sind pers\u00f6nliche Daten? Der Begriff &#8222;Pers\u00f6nliche Informationen&#8220; bezieht sich [&hellip;]<\/p>\n","protected":false},"author":1,"featured_media":0,"parent":0,"menu_order":0,"comment_status":"closed","ping_status":"closed","template":"","meta":[],"_links":{"self":[{"href":"https:\/\/kapparesort.com\/de\/wp-json\/wp\/v2\/pages\/4664"}],"collection":[{"href":"https:\/\/kapparesort.com\/de\/wp-json\/wp\/v2\/pages"}],"about":[{"href":"https:\/\/kapparesort.com\/de\/wp-json\/wp\/v2\/types\/page"}],"author":[{"embeddable":true,"href":"https:\/\/kapparesort.com\/de\/wp-json\/wp\/v2\/users\/1"}],"replies":[{"embeddable":true,"href":"https:\/\/kapparesort.com\/de\/wp-json\/wp\/v2\/comments?post=4664"}],"version-history":[{"count":3,"href":"https:\/\/kapparesort.com\/de\/wp-json\/wp\/v2\/pages\/4664\/revisions"}],"predecessor-version":[{"id":4667,"href":"https:\/\/kapparesort.com\/de\/wp-json\/wp\/v2\/pages\/4664\/revisions\/4667"}],"wp:attachment":[{"href":"https:\/\/kapparesort.com\/de\/wp-json\/wp\/v2\/media?parent=4664"}],"curies":[{"name":"wp","href":"https:\/\/api.w.org\/{rel}","templated":true}]}}