{"id":4428,"date":"2021-02-02T08:35:02","date_gmt":"2021-02-02T06:35:02","guid":{"rendered":"https:\/\/kapparesort.com\/ferienziel\/"},"modified":"2026-02-05T12:02:40","modified_gmt":"2026-02-05T10:02:40","slug":"ferienziel","status":"publish","type":"page","link":"https:\/\/kapparesort.com\/de\/ferienziel\/","title":{"rendered":"Ferienziel"},"content":{"rendered":"\t\t<div data-elementor-type=\"wp-page\" data-elementor-id=\"4428\" class=\"elementor elementor-4428 elementor-105\" data-elementor-settings=\"[]\">\n\t\t\t\t\t\t<div class=\"elementor-inner\">\n\t\t\t\t\t\t\t<div class=\"elementor-section-wrap\">\n\t\t\t\t\t\t\t<section class=\"elementor-section elementor-top-section elementor-element elementor-element-0bf9e28 elementor-section-full_width elementor-reverse-mobile elementor-section-height-default elementor-section-height-default\" data-id=\"0bf9e28\" data-element_type=\"section\" data-settings=\"{&quot;background_background&quot;:&quot;classic&quot;}\">\n\t\t\t\t\t\t<div class=\"elementor-container elementor-column-gap-no\">\n\t\t\t\t\t\t\t<div class=\"elementor-row\">\n\t\t\t\t\t<div class=\"elementor-column elementor-col-100 elementor-top-column elementor-element elementor-element-57bb658\" data-id=\"57bb658\" data-element_type=\"column\">\n\t\t\t<div class=\"elementor-column-wrap elementor-element-populated\">\n\t\t\t\t\t\t\t<div class=\"elementor-widget-wrap\">\n\t\t\t\t\t\t<div class=\"elementor-element elementor-element-5187781 elementor--h-position-center elementor--v-position-middle elementor-arrows-position-inside elementor-widget elementor-widget-slides\" data-id=\"5187781\" data-element_type=\"widget\" data-settings=\"{&quot;navigation&quot;:&quot;arrows&quot;,&quot;transition&quot;:&quot;slide&quot;,&quot;transition_speed&quot;:500}\" data-widget_type=\"slides.default\">\n\t\t\t\t<div class=\"elementor-widget-container\">\n\t\t\t\t\t<div class=\"elementor-swiper\">\n\t\t\t<div class=\"elementor-slides-wrapper elementor-main-swiper swiper-container\" dir=\"ltr\" data-animation=\"fadeInUp\">\n\t\t\t\t<div class=\"swiper-wrapper elementor-slides\">\n\t\t\t\t\t<div class=\"elementor-repeater-item-4672d72 swiper-slide\"><div class=\"swiper-slide-bg\"><\/div><div class=\"swiper-slide-inner\" ><div class=\"swiper-slide-contents\"><div class=\"elementor-slide-heading\">Kappa<\/div><div class=\"elementor-slide-description\"><p>DESTINATION<\/p>\n<\/div><\/div><\/div><\/div>\t\t\t\t<\/div>\n\t\t\t\t\t\t\t<\/div>\n\t\t<\/div>\n\t\t\t\t<\/div>\n\t\t\t\t<\/div>\n\t\t\t\t\t\t<\/div>\n\t\t\t\t\t<\/div>\n\t\t<\/div>\n\t\t\t\t\t\t\t\t<\/div>\n\t\t\t\t\t<\/div>\n\t\t<\/section>\n\t\t\t\t<section class=\"elementor-section elementor-top-section elementor-element elementor-element-171f0dc elementor-section-boxed elementor-section-height-default elementor-section-height-default\" data-id=\"171f0dc\" data-element_type=\"section\">\n\t\t\t\t\t\t<div class=\"elementor-container elementor-column-gap-default\">\n\t\t\t\t\t\t\t<div class=\"elementor-row\">\n\t\t\t\t\t<div class=\"elementor-column elementor-col-100 elementor-top-column elementor-element elementor-element-07c524a\" data-id=\"07c524a\" data-element_type=\"column\">\n\t\t\t<div class=\"elementor-column-wrap elementor-element-populated\">\n\t\t\t\t\t\t\t<div class=\"elementor-widget-wrap\">\n\t\t\t\t\t\t<div class=\"elementor-element elementor-element-93f9bf0 elementor-widget elementor-widget-spacer\" data-id=\"93f9bf0\" data-element_type=\"widget\" data-widget_type=\"spacer.default\">\n\t\t\t\t<div class=\"elementor-widget-container\">\n\t\t\t\t\t<div class=\"elementor-spacer\">\n\t\t\t<div class=\"elementor-spacer-inner\"><\/div>\n\t\t<\/div>\n\t\t\t\t<\/div>\n\t\t\t\t<\/div>\n\t\t\t\t<div class=\"elementor-element elementor-element-845ce82 elementor-invisible elementor-widget elementor-widget-heading\" data-id=\"845ce82\" data-element_type=\"widget\" data-settings=\"{&quot;_animation&quot;:&quot;fadeInUp&quot;,&quot;_animation_delay&quot;:200}\" data-widget_type=\"heading.default\">\n\t\t\t\t<div class=\"elementor-widget-container\">\n\t\t\t<h2 class=\"elementor-heading-title elementor-size-default\">Ferienziel<\/h2>\t\t<\/div>\n\t\t\t\t<\/div>\n\t\t\t\t<div class=\"elementor-element elementor-element-8313932 elementor-invisible elementor-widget elementor-widget-heading\" data-id=\"8313932\" data-element_type=\"widget\" data-settings=\"{&quot;_animation&quot;:&quot;fadeInUp&quot;,&quot;_animation_delay&quot;:400}\" data-widget_type=\"heading.default\">\n\t\t\t\t<div class=\"elementor-widget-container\">\n\t\t\t<h3 class=\"elementor-heading-title elementor-size-default\">Paliouri \u2013 Ein Juwel auf der Kassandra-Halbinsel<\/h3>\t\t<\/div>\n\t\t\t\t<\/div>\n\t\t\t\t<div class=\"elementor-element elementor-element-8e401f1 elementor-widget elementor-widget-spacer\" data-id=\"8e401f1\" data-element_type=\"widget\" data-widget_type=\"spacer.default\">\n\t\t\t\t<div class=\"elementor-widget-container\">\n\t\t\t\t\t<div class=\"elementor-spacer\">\n\t\t\t<div class=\"elementor-spacer-inner\"><\/div>\n\t\t<\/div>\n\t\t\t\t<\/div>\n\t\t\t\t<\/div>\n\t\t\t\t<div class=\"elementor-element elementor-element-c81922a elementor-widget elementor-widget-text-editor\" data-id=\"c81922a\" data-element_type=\"widget\" data-widget_type=\"text-editor.default\">\n\t\t\t\t<div class=\"elementor-widget-container\">\n\t\t\t\t\t<div class=\"elementor-text-editor elementor-clearfix\"><p>Im s\u00fcdlichsten Zipfel der Kassandra-Halbinsel, etwa 100 Kilometer vom Flughafen<br \/>\nThessaloniki (SKG) entfernt, liegt das malerische Paliouri \u2013 ein ruhiger und traditioneller Ort, hoch \u00fcber der Toronaios-Bucht, eingebettet in einen dichten Pinienwald. Paliouri ist bekannt f\u00fcr seine feinen Sandstr\u00e4nde und das kristallklare, t\u00fcrkisfarbene Meer und zieht seit Jahren insbesondere in den Sommermonaten zahlreiche Reisende an.<\/p>\n<p>Geschichte<br \/>\nMan geht davon aus, dass an der Stelle des heutigen Paliouri die antike Stadt Theramvos existierte, wie arch\u00e4ologische Funde in der Region und Erw\u00e4hnungen bei Herodot belegen. Herodot berichtet, dass die Stadt durch Xerxes gewaltsam rekrutiert wurde \u2013 m\u00f6glicherweise der Grund, warum sp\u00e4tere Historiker sie nicht mehr erw\u00e4hnten. W\u00e4hrend der Osmanischen Herrschaft geh\u00f6rte der Ort zu den zw\u00f6lf D\u00f6rfern, die dem<br \/>\nGkanzafer Agha unterstanden, und seine Bewohner beteiligten sich aktiv am Aufstand<br \/>\nvon 1821.<\/p>\n<p>Der heutige Name \u201ePaliouri\u201c leitet sich von den stacheligen Str\u00e4uchern ab, die fr\u00fcher<br \/>\nzur Umz\u00e4unung der H\u00e4user verwendet wurden. Paliouri geh\u00f6rt zur Kommune Kassandra und verf\u00fcgt \u00fcber moderne Infrastruktur f\u00fcr Sommerg\u00e4ste, hat sich jedoch seinen traditionellen Charme bewahrt: malerische, enge Gassen und zahlreiche H\u00e4user mit architektonischen Details aus dem 19. Jahrhundert pr\u00e4gen das Ortsbild.<\/p>\n<p>Vergessen Sie nicht, vor Ort Honig und Oliven\u00f6l zu probieren \u2013 zwei Produkte, f\u00fcr die<br \/>\nPaliouri ber\u00fchmt ist.<\/p>\n<p>Erkunden Sie die Umgebung<br \/>\nNeben Paliouri lohnt sich ein Besuch der weiteren malerischen und traditionellen D\u00f6rfer Kassandra sowie der bezaubernden Str\u00e4nde der Halbinsel \u2013 ein Erlebnis, das Natur, Kultur und Entspannung perfekt vereint.<\/p>\n<\/div>\n\t\t\t\t<\/div>\n\t\t\t\t<\/div>\n\t\t\t\t<div class=\"elementor-element elementor-element-94769d0 elementor-widget elementor-widget-text-editor\" data-id=\"94769d0\" data-element_type=\"widget\" data-widget_type=\"text-editor.default\">\n\t\t\t\t<div class=\"elementor-widget-container\">\n\t\t\t\t\t<div class=\"elementor-text-editor elementor-clearfix\"><p><strong>Geschichte<\/strong><\/p>\n<p>Man geht davon aus, dass an der Stelle, wo das heutige Paliouri steht, sich eine antike Stadt mit dem Namen Theramvos befand, was durch antike Funde in der Region und durch Erw\u00e4hnungen von Herodots erwiesen ist. Er spricht davon, dass die Stadt durch Xerxes gewaltsam rekrutiert wurde und man nimmt an, dass es aus diesem Grund, keine sp\u00e4teren Erw\u00e4hnungen durch andere Historiker gegeben hat. W\u00e4hrend der Osmanischen Herrschaft, war der Ort einer von 12, die dem Gkanzafer Agha geh\u00f6rten und seine Bewohner beteiligten sich am Aufstand von 1821. Der Name des heutigen Orts ist abgeleitet von \u201ePaliouria\u201c, den stacheligen Str\u00e4uchern, die fr\u00fcher zur Umz\u00e4unung der H\u00e4user benutzt wurden. Paliouri geh\u00f6rt zur Kommune Kassandra und verf\u00fcgt \u00fcber moderne Infrastruktur zur Unterbringung seiner Sommerg\u00e4ste. Der Ort hat sich seinen traditionellen Charakter mit malerischen engen Gassen und zahlreichen H\u00e4usern mit architektonischen Merkmalen aus dem 19. Jahrhundert erhalten. Wenn Sie dort sind, vergessen Sie nicht, Honig und Oliven\u00f6l zu kaufen, Produkte, f\u00fcr die Paliouri ber\u00fchmt ist.<\/p>\n<p>Schlie\u00dflich empfehlen wir Ihnen, neben Paliouri die anderen malerischen und traditionellen D\u00f6rfer von Kassandra und die bezaubernden Str\u00e4nde zu besuchen.<\/p>\n<\/div>\n\t\t\t\t<\/div>\n\t\t\t\t<\/div>\n\t\t\t\t\t\t<\/div>\n\t\t\t\t\t<\/div>\n\t\t<\/div>\n\t\t\t\t\t\t\t\t<\/div>\n\t\t\t\t\t<\/div>\n\t\t<\/section>\n\t\t\t\t<section class=\"elementor-section elementor-top-section elementor-element elementor-element-ed4e04d elementor-section-boxed elementor-section-height-default elementor-section-height-default\" data-id=\"ed4e04d\" data-element_type=\"section\">\n\t\t\t\t\t\t<div class=\"elementor-container elementor-column-gap-default\">\n\t\t\t\t\t\t\t<div class=\"elementor-row\">\n\t\t\t\t\t<div class=\"elementor-column elementor-col-100 elementor-top-column elementor-element elementor-element-2bcab87\" data-id=\"2bcab87\" data-element_type=\"column\">\n\t\t\t<div class=\"elementor-column-wrap elementor-element-populated\">\n\t\t\t\t\t\t\t<div class=\"elementor-widget-wrap\">\n\t\t\t\t\t\t<div class=\"elementor-element elementor-element-efa9fcc elementor-widget elementor-widget-spacer\" data-id=\"efa9fcc\" data-element_type=\"widget\" data-widget_type=\"spacer.default\">\n\t\t\t\t<div class=\"elementor-widget-container\">\n\t\t\t\t\t<div class=\"elementor-spacer\">\n\t\t\t<div class=\"elementor-spacer-inner\"><\/div>\n\t\t<\/div>\n\t\t\t\t<\/div>\n\t\t\t\t<\/div>\n\t\t\t\t\t\t<\/div>\n\t\t\t\t\t<\/div>\n\t\t<\/div>\n\t\t\t\t\t\t\t\t<\/div>\n\t\t\t\t\t<\/div>\n\t\t<\/section>\n\t\t\t\t<section class=\"elementor-section elementor-top-section elementor-element elementor-element-401bb5c elementor-section-height-min-height elementor-section-items-top elementor-section-content-middle elementor-section-boxed elementor-section-height-default\" data-id=\"401bb5c\" data-element_type=\"section\">\n\t\t\t\t\t\t<div class=\"elementor-container elementor-column-gap-default\">\n\t\t\t\t\t\t\t<div class=\"elementor-row\">\n\t\t\t\t\t<div class=\"elementor-column elementor-col-100 elementor-top-column elementor-element elementor-element-91d9830\" data-id=\"91d9830\" data-element_type=\"column\">\n\t\t\t<div class=\"elementor-column-wrap elementor-element-populated\">\n\t\t\t\t\t\t\t<div class=\"elementor-widget-wrap\">\n\t\t\t\t\t\t<section class=\"elementor-section elementor-inner-section elementor-element elementor-element-69db577 elementor-section-full_width elementor-section-content-bottom elementor-section-height-default elementor-section-height-default\" data-id=\"69db577\" data-element_type=\"section\">\n\t\t\t\t\t\t<div class=\"elementor-container elementor-column-gap-no\">\n\t\t\t\t\t\t\t<div class=\"elementor-row\">\n\t\t\t\t\t<div class=\"elementor-column elementor-col-100 elementor-inner-column elementor-element elementor-element-c891786\" data-id=\"c891786\" data-element_type=\"column\">\n\t\t\t<div class=\"elementor-column-wrap elementor-element-populated\">\n\t\t\t\t\t\t\t<div class=\"elementor-widget-wrap\">\n\t\t\t\t\t\t<div class=\"elementor-element elementor-element-9e53287 elementor-invisible elementor-widget elementor-widget-heading\" data-id=\"9e53287\" data-element_type=\"widget\" data-settings=\"{&quot;_animation&quot;:&quot;fadeInUp&quot;,&quot;_animation_delay&quot;:200}\" data-widget_type=\"heading.default\">\n\t\t\t\t<div class=\"elementor-widget-container\">\n\t\t\t<h2 class=\"elementor-heading-title elementor-size-default\">#Halkidikidestination<\/h2>\t\t<\/div>\n\t\t\t\t<\/div>\n\t\t\t\t\t\t<\/div>\n\t\t\t\t\t<\/div>\n\t\t<\/div>\n\t\t\t\t\t\t\t\t<\/div>\n\t\t\t\t\t<\/div>\n\t\t<\/section>\n\t\t\t\t<div class=\"elementor-element elementor-element-b5ae4fc elementor-widget elementor-widget-spacer\" data-id=\"b5ae4fc\" data-element_type=\"widget\" data-widget_type=\"spacer.default\">\n\t\t\t\t<div class=\"elementor-widget-container\">\n\t\t\t\t\t<div class=\"elementor-spacer\">\n\t\t\t<div class=\"elementor-spacer-inner\"><\/div>\n\t\t<\/div>\n\t\t\t\t<\/div>\n\t\t\t\t<\/div>\n\t\t\t\t<div class=\"elementor-element elementor-element-36ac823 elementor-widget elementor-widget-gallery\" data-id=\"36ac823\" data-element_type=\"widget\" data-settings=\"{&quot;gallery_layout&quot;:&quot;justified&quot;,&quot;lazyload&quot;:&quot;yes&quot;,&quot;ideal_row_height&quot;:{&quot;unit&quot;:&quot;px&quot;,&quot;size&quot;:200,&quot;sizes&quot;:[]},&quot;ideal_row_height_tablet&quot;:{&quot;unit&quot;:&quot;px&quot;,&quot;size&quot;:150,&quot;sizes&quot;:[]},&quot;ideal_row_height_mobile&quot;:{&quot;unit&quot;:&quot;px&quot;,&quot;size&quot;:150,&quot;sizes&quot;:[]},&quot;gap&quot;:{&quot;unit&quot;:&quot;px&quot;,&quot;size&quot;:10,&quot;sizes&quot;:[]},&quot;gap_tablet&quot;:{&quot;unit&quot;:&quot;px&quot;,&quot;size&quot;:10,&quot;sizes&quot;:[]},&quot;gap_mobile&quot;:{&quot;unit&quot;:&quot;px&quot;,&quot;size&quot;:10,&quot;sizes&quot;:[]},&quot;overlay_background&quot;:&quot;yes&quot;,&quot;content_hover_animation&quot;:&quot;fade-in&quot;}\" data-widget_type=\"gallery.default\">\n\t\t\t\t<div class=\"elementor-widget-container\">\n\t\t\t\t\t<div class=\"elementor-gallery__container\">\n\t\t\t\t\t\t\t<div class=\"e-gallery-item elementor-gallery-item elementor-animated-content\">\n\t\t\t\t\t<div class=\"e-gallery-image elementor-gallery-item__image\" data-thumbnail=\"https:\/\/kapparesort.com\/wp-content\/uploads\/2021\/02\/9769_Afytos-Halkidiki-Greece.jpg\" data-width=\"2000\" data-height=\"1330\" alt=\"\" ><\/div>\n\t\t\t\t\t\t\t\t\t\t<div class=\"elementor-gallery-item__overlay\"><\/div>\n\t\t\t\t\t\t\t\t\t\t\t\t\t\t<\/div>\n\t\t\t\t\t\t\t<div class=\"e-gallery-item elementor-gallery-item elementor-animated-content\">\n\t\t\t\t\t<div class=\"e-gallery-image elementor-gallery-item__image\" data-thumbnail=\"https:\/\/kapparesort.com\/wp-content\/uploads\/2021\/02\/416616_1.jpg\" data-width=\"1100\" data-height=\"755\" alt=\"\" ><\/div>\n\t\t\t\t\t\t\t\t\t\t<div class=\"elementor-gallery-item__overlay\"><\/div>\n\t\t\t\t\t\t\t\t\t\t\t\t\t\t<\/div>\n\t\t\t\t\t\t\t<div class=\"e-gallery-item elementor-gallery-item elementor-animated-content\">\n\t\t\t\t\t<div class=\"e-gallery-image elementor-gallery-item__image\" data-thumbnail=\"https:\/\/kapparesort.com\/wp-content\/uploads\/2021\/02\/afitos-3-1024x640-1.jpg\" data-width=\"1024\" data-height=\"640\" alt=\"\" ><\/div>\n\t\t\t\t\t\t\t\t\t\t<div class=\"elementor-gallery-item__overlay\"><\/div>\n\t\t\t\t\t\t\t\t\t\t\t\t\t\t<\/div>\n\t\t\t\t\t\t\t<div class=\"e-gallery-item elementor-gallery-item elementor-animated-content\">\n\t\t\t\t\t<div class=\"e-gallery-image elementor-gallery-item__image\" data-thumbnail=\"https:\/\/kapparesort.com\/wp-content\/uploads\/2021\/02\/afitos-6-1024x640-1.jpg\" data-width=\"1024\" data-height=\"640\" alt=\"\" ><\/div>\n\t\t\t\t\t\t\t\t\t\t<div class=\"elementor-gallery-item__overlay\"><\/div>\n\t\t\t\t\t\t\t\t\t\t\t\t\t\t<\/div>\n\t\t\t\t\t\t\t<div class=\"e-gallery-item elementor-gallery-item elementor-animated-content\">\n\t\t\t\t\t<div class=\"e-gallery-image elementor-gallery-item__image\" data-thumbnail=\"https:\/\/kapparesort.com\/wp-content\/uploads\/2021\/02\/athitos-kassandra-chalkidiki-29.jpg\" data-width=\"800\" data-height=\"534\" alt=\"\" ><\/div>\n\t\t\t\t\t\t\t\t\t\t<div class=\"elementor-gallery-item__overlay\"><\/div>\n\t\t\t\t\t\t\t\t\t\t\t\t\t\t<\/div>\n\t\t\t\t\t\t\t<div class=\"e-gallery-item elementor-gallery-item elementor-animated-content\">\n\t\t\t\t\t<div class=\"e-gallery-image elementor-gallery-item__image\" data-thumbnail=\"https:\/\/kapparesort.com\/wp-content\/uploads\/2021\/02\/chrousso-beach-post.jpg\" data-width=\"870\" data-height=\"420\" alt=\"\" ><\/div>\n\t\t\t\t\t\t\t\t\t\t<div class=\"elementor-gallery-item__overlay\"><\/div>\n\t\t\t\t\t\t\t\t\t\t\t\t\t\t<\/div>\n\t\t\t\t\t\t\t<div class=\"e-gallery-item elementor-gallery-item elementor-animated-content\">\n\t\t\t\t\t<div class=\"e-gallery-image elementor-gallery-item__image\" data-thumbnail=\"https:\/\/kapparesort.com\/wp-content\/uploads\/2021\/02\/glarokavos-beach-bar.jpg\" data-width=\"800\" data-height=\"532\" alt=\"\" ><\/div>\n\t\t\t\t\t\t\t\t\t\t<div class=\"elementor-gallery-item__overlay\"><\/div>\n\t\t\t\t\t\t\t\t\t\t\t\t\t\t<\/div>\n\t\t\t\t\t\t\t<div class=\"e-gallery-item elementor-gallery-item elementor-animated-content\">\n\t\t\t\t\t<div class=\"e-gallery-image elementor-gallery-item__image\" data-thumbnail=\"https:\/\/kapparesort.com\/wp-content\/uploads\/2021\/02\/Halkidiki-Beach-1.jpg\" data-width=\"1800\" data-height=\"1200\" alt=\"\" ><\/div>\n\t\t\t\t\t\t\t\t\t\t<div class=\"elementor-gallery-item__overlay\"><\/div>\n\t\t\t\t\t\t\t\t\t\t\t\t\t\t<\/div>\n\t\t\t\t\t\t\t<div class=\"e-gallery-item elementor-gallery-item elementor-animated-content\">\n\t\t\t\t\t<div class=\"e-gallery-image elementor-gallery-item__image\" data-thumbnail=\"https:\/\/kapparesort.com\/wp-content\/uploads\/2021\/02\/halkidiki-beaches-1280.jpg\" data-width=\"1280\" data-height=\"853\" alt=\"\" ><\/div>\n\t\t\t\t\t\t\t\t\t\t<div class=\"elementor-gallery-item__overlay\"><\/div>\n\t\t\t\t\t\t\t\t\t\t\t\t\t\t<\/div>\n\t\t\t\t\t\t\t<div class=\"e-gallery-item elementor-gallery-item elementor-animated-content\">\n\t\t\t\t\t<div class=\"e-gallery-image elementor-gallery-item__image\" data-thumbnail=\"https:\/\/kapparesort.com\/wp-content\/uploads\/2021\/02\/leuki-ammos-2.jpg\" data-width=\"730\" data-height=\"410\" alt=\"\" ><\/div>\n\t\t\t\t\t\t\t\t\t\t<div class=\"elementor-gallery-item__overlay\"><\/div>\n\t\t\t\t\t\t\t\t\t\t\t\t\t\t<\/div>\n\t\t\t\t\t\t\t<div class=\"e-gallery-item elementor-gallery-item elementor-animated-content\">\n\t\t\t\t\t<div class=\"e-gallery-image elementor-gallery-item__image\" data-thumbnail=\"https:\/\/kapparesort.com\/wp-content\/uploads\/2021\/02\/Lily-Ann-Beach-Halkidiki-Slide04.jpg\" data-width=\"1400\" data-height=\"600\" alt=\"\" ><\/div>\n\t\t\t\t\t\t\t\t\t\t<div class=\"elementor-gallery-item__overlay\"><\/div>\n\t\t\t\t\t\t\t\t\t\t\t\t\t\t<\/div>\n\t\t\t\t\t\t\t<div class=\"e-gallery-item elementor-gallery-item elementor-animated-content\">\n\t\t\t\t\t<div class=\"e-gallery-image elementor-gallery-item__image\" data-thumbnail=\"https:\/\/kapparesort.com\/wp-content\/uploads\/2021\/02\/paliouri-02.jpg\" data-width=\"720\" data-height=\"384\" alt=\"\" ><\/div>\n\t\t\t\t\t\t\t\t\t\t<div class=\"elementor-gallery-item__overlay\"><\/div>\n\t\t\t\t\t\t\t\t\t\t\t\t\t\t<\/div>\n\t\t\t\t\t<\/div>\n\t\t\t<\/div>\n\t\t\t\t<\/div>\n\t\t\t\t\t\t<\/div>\n\t\t\t\t\t<\/div>\n\t\t<\/div>\n\t\t\t\t\t\t\t\t<\/div>\n\t\t\t\t\t<\/div>\n\t\t<\/section>\n\t\t\t\t\t\t<\/div>\n\t\t\t\t\t\t<\/div>\n\t\t\t\t\t<\/div>\n\t\t","protected":false},"excerpt":{"rendered":"<p>Kappa DESTINATION Ferienziel Paliouri \u2013 Ein Juwel auf der Kassandra-Halbinsel Im s\u00fcdlichsten Zipfel der Kassandra-Halbinsel, etwa 100 Kilometer vom Flughafen Thessaloniki (SKG) entfernt, liegt das malerische Paliouri \u2013 ein ruhiger und traditioneller Ort, hoch \u00fcber der Toronaios-Bucht, eingebettet in einen dichten Pinienwald. Paliouri ist bekannt f\u00fcr seine feinen Sandstr\u00e4nde und das kristallklare, t\u00fcrkisfarbene Meer und [&hellip;]<\/p>\n","protected":false},"author":1,"featured_media":0,"parent":0,"menu_order":0,"comment_status":"closed","ping_status":"closed","template":"","meta":[],"_links":{"self":[{"href":"https:\/\/kapparesort.com\/de\/wp-json\/wp\/v2\/pages\/4428"}],"collection":[{"href":"https:\/\/kapparesort.com\/de\/wp-json\/wp\/v2\/pages"}],"about":[{"href":"https:\/\/kapparesort.com\/de\/wp-json\/wp\/v2\/types\/page"}],"author":[{"embeddable":true,"href":"https:\/\/kapparesort.com\/de\/wp-json\/wp\/v2\/users\/1"}],"replies":[{"embeddable":true,"href":"https:\/\/kapparesort.com\/de\/wp-json\/wp\/v2\/comments?post=4428"}],"version-history":[{"count":3,"href":"https:\/\/kapparesort.com\/de\/wp-json\/wp\/v2\/pages\/4428\/revisions"}],"predecessor-version":[{"id":12298,"href":"https:\/\/kapparesort.com\/de\/wp-json\/wp\/v2\/pages\/4428\/revisions\/12298"}],"wp:attachment":[{"href":"https:\/\/kapparesort.com\/de\/wp-json\/wp\/v2\/media?parent=4428"}],"curies":[{"name":"wp","href":"https:\/\/api.w.org\/{rel}","templated":true}]}}