{"id":4331,"date":"2021-02-22T11:50:34","date_gmt":"2021-02-22T09:50:34","guid":{"rendered":"https:\/\/kapparesort.com\/covid-19\/"},"modified":"2021-03-05T10:28:25","modified_gmt":"2021-03-05T08:28:25","slug":"covid-19","status":"publish","type":"page","link":"https:\/\/kapparesort.com\/de\/covid-19\/","title":{"rendered":"Covid-19"},"content":{"rendered":"\t\t<div data-elementor-type=\"wp-page\" data-elementor-id=\"4331\" class=\"elementor elementor-4331 elementor-1459\" data-elementor-settings=\"[]\">\n\t\t\t\t\t\t<div class=\"elementor-inner\">\n\t\t\t\t\t\t\t<div class=\"elementor-section-wrap\">\n\t\t\t\t\t\t\t<section class=\"elementor-section elementor-top-section elementor-element elementor-element-81aac8a elementor-section-boxed elementor-section-height-default elementor-section-height-default\" data-id=\"81aac8a\" data-element_type=\"section\">\n\t\t\t\t\t\t<div class=\"elementor-container elementor-column-gap-default\">\n\t\t\t\t\t\t\t<div class=\"elementor-row\">\n\t\t\t\t\t<div class=\"elementor-column elementor-col-100 elementor-top-column elementor-element elementor-element-accfa15\" data-id=\"accfa15\" data-element_type=\"column\">\n\t\t\t<div class=\"elementor-column-wrap elementor-element-populated\">\n\t\t\t\t\t\t\t<div class=\"elementor-widget-wrap\">\n\t\t\t\t\t\t<div class=\"elementor-element elementor-element-20ff452 elementor-widget elementor-widget-spacer\" data-id=\"20ff452\" data-element_type=\"widget\" data-widget_type=\"spacer.default\">\n\t\t\t\t<div class=\"elementor-widget-container\">\n\t\t\t\t\t<div class=\"elementor-spacer\">\n\t\t\t<div class=\"elementor-spacer-inner\"><\/div>\n\t\t<\/div>\n\t\t\t\t<\/div>\n\t\t\t\t<\/div>\n\t\t\t\t\t\t<\/div>\n\t\t\t\t\t<\/div>\n\t\t<\/div>\n\t\t\t\t\t\t\t\t<\/div>\n\t\t\t\t\t<\/div>\n\t\t<\/section>\n\t\t\t\t<section class=\"elementor-section elementor-top-section elementor-element elementor-element-88f620a elementor-section-full_width elementor-section-height-default elementor-section-height-default\" data-id=\"88f620a\" data-element_type=\"section\">\n\t\t\t\t\t\t<div class=\"elementor-container elementor-column-gap-default\">\n\t\t\t\t\t\t\t<div class=\"elementor-row\">\n\t\t\t\t\t<div class=\"elementor-column elementor-col-33 elementor-top-column elementor-element elementor-element-a002d57\" data-id=\"a002d57\" data-element_type=\"column\">\n\t\t\t<div class=\"elementor-column-wrap\">\n\t\t\t\t\t\t\t<div class=\"elementor-widget-wrap\">\n\t\t\t\t\t\t\t\t<\/div>\n\t\t\t\t\t<\/div>\n\t\t<\/div>\n\t\t\t\t<div class=\"elementor-column elementor-col-33 elementor-top-column elementor-element elementor-element-b0c6d9f\" data-id=\"b0c6d9f\" data-element_type=\"column\">\n\t\t\t<div class=\"elementor-column-wrap elementor-element-populated\">\n\t\t\t\t\t\t\t<div class=\"elementor-widget-wrap\">\n\t\t\t\t\t\t<div class=\"elementor-element elementor-element-8a5f6b7 elementor-widget elementor-widget-heading\" data-id=\"8a5f6b7\" data-element_type=\"widget\" data-widget_type=\"heading.default\">\n\t\t\t\t<div class=\"elementor-widget-container\">\n\t\t\t<h1 class=\"elementor-heading-title elementor-size-default\">Hotelrichtlinien f\u00fcr COVID-19<\/h1>\t\t<\/div>\n\t\t\t\t<\/div>\n\t\t\t\t<div class=\"elementor-element elementor-element-5dcef92 elementor-widget elementor-widget-text-editor\" data-id=\"5dcef92\" data-element_type=\"widget\" data-widget_type=\"text-editor.default\">\n\t\t\t\t<div class=\"elementor-widget-container\">\n\t\t\t\t\t<div class=\"elementor-text-editor elementor-clearfix\"><p>Die Sicherheit unserer G\u00e4ste und Mitarbeiter war und ist unsere h\u00f6chste Priorit\u00e4t. Wir tun alles, um die Sicherheit Ihrer Reise zu gew\u00e4hrleisten und maximale Flexibilit\u00e4t zu bieten, w\u00e4hrend sich die Situation rund um das neue Coronavirus (COVID-19) weiterentwickelt.<\/p>\n<p>Wir werden diese Seite weiterhin mit den neuesten Informationen zur Buchungsflexibilit\u00e4t, zur Unterst\u00fctzung unserer Mitarbeiter und Gemeinden sowie zur Reisesicherheit aktualisieren.<\/p>\n<\/div>\n\t\t\t\t<\/div>\n\t\t\t\t<\/div>\n\t\t\t\t<div class=\"elementor-element elementor-element-6615b13 elementor-widget elementor-widget-image\" data-id=\"6615b13\" data-element_type=\"widget\" data-widget_type=\"image.default\">\n\t\t\t\t<div class=\"elementor-widget-container\">\n\t\t\t\t\t<div class=\"elementor-image\">\n\t\t\t\t\t\t\t\t\t\t<img width=\"800\" height=\"470\" src=\"https:\/\/kapparesort.com\/wp-content\/uploads\/2021\/02\/covid-banner-01-1024x602.jpg\" class=\"attachment-large size-large\" alt=\"\" loading=\"lazy\" srcset=\"https:\/\/kapparesort.com\/wp-content\/uploads\/2021\/02\/covid-banner-01-1024x602.jpg 1024w, https:\/\/kapparesort.com\/wp-content\/uploads\/2021\/02\/covid-banner-01-300x176.jpg 300w, https:\/\/kapparesort.com\/wp-content\/uploads\/2021\/02\/covid-banner-01-768x451.jpg 768w, https:\/\/kapparesort.com\/wp-content\/uploads\/2021\/02\/covid-banner-01-1536x902.jpg 1536w, https:\/\/kapparesort.com\/wp-content\/uploads\/2021\/02\/covid-banner-01.jpg 1600w\" sizes=\"(max-width: 800px) 100vw, 800px\" \/>\t\t\t\t\t\t\t\t\t\t\t<\/div>\n\t\t\t\t<\/div>\n\t\t\t\t<\/div>\n\t\t\t\t<div class=\"elementor-element elementor-element-7a9299a elementor-widget elementor-widget-heading\" data-id=\"7a9299a\" data-element_type=\"widget\" data-widget_type=\"heading.default\">\n\t\t\t\t<div class=\"elementor-widget-container\">\n\t\t\t<h2 class=\"elementor-heading-title elementor-size-default\">Gesundheit und Hygiene<\/h2>\t\t<\/div>\n\t\t\t\t<\/div>\n\t\t\t\t<div class=\"elementor-element elementor-element-4eb596b elementor-widget elementor-widget-text-editor\" data-id=\"4eb596b\" data-element_type=\"widget\" data-widget_type=\"text-editor.default\">\n\t\t\t\t<div class=\"elementor-widget-container\">\n\t\t\t\t\t<div class=\"elementor-text-editor elementor-clearfix\"><p>Das Kappa Resort hat w\u00e4hrend seines Betriebs im Sommer 2020 ein Programm entwickelt und in Betrieb genommen, das einen neuen Standard f\u00fcr die Reinigung und Desinfektion des Hotels einf\u00fchrt, um sicherzustellen, dass die G\u00e4ste einen noch saubereren und sichereren Aufenthalt genie\u00dfen.<\/p>\n<p>Das Kappa Resort befindet sich auf einem 40.000 m2 gro\u00dfen Grundst\u00fcck und erm\u00f6glicht es den G\u00e4sten, die soziale Distanz aufrechtzuerhalten und die Privatsph\u00e4re ihres eigenen Raums zu sp\u00fcren. ede Unterkunft verf\u00fcgt \u00fcber einen separaten Eingang im Freien, der die G\u00e4ste nicht dazu verpflichtet, gemeinsame Innenkorridore zu betreten. Genie\u00dfen Sie den privaten Au\u00dfenbereich (Garten oder Terrasse) mit einer Gr\u00f6\u00dfe von bis zu 700 m2, die privaten Schwimmingpools mit einer Gr\u00f6\u00dfe von 35 m2und f\u00fchlen Sie sich bequem auf der mindestens 80 m2Wohnungsfl\u00e4che in unseren komfortablen Villen oder Suiten wie zu Hause. Bringen Sie Ihre Familie oder Haustier zusammen und lassen Sie die Mitarbeiter von Kappa Resort ihr Bestes tun, um Ihnen einen sicheren und erholsamen Urlaub zu bieten.<\/p>\n<p>F\u00fcr das Kappa Resort sind das Wohlbefinden und die Gesundheit unserer G\u00e4ste und Mitarbeiter von gr\u00f6\u00dfter Bedeutung. Im Zuge von COVID-19 und zunehmenden hygienischen Bedenken ergreift das Kappa Resort zus\u00e4tzliche Vorsichtsma\u00dfnahmen, um die gesundheitliche Integrit\u00e4t seiner Umwelt zu sch\u00fctzen.<\/p>\n<p>Wir verhindern die notwendige Sterilisation im gesamten Resort, um die Ausbreitung von Infektionen zu verhindern. Angesichts globaler Gesundheitsprobleme wie Coronavirus implementiert unser Resort zus\u00e4tzliche strenge Tiefdesinfektions-protokolle im Reinigungsverfahren unserer Unterk\u00fcnfte, um Risiken zu minimieren. H\u00e4ndedesinfektionsmittel sowie antibakterielle Handwischt\u00fccher werden an mehreren Stellen des Resorts und in jeder Villa \/ Suite einzeln bereitgestellt. Unsere Reinigungsabteilung mit Desinfektionsprodukten konzentriert sich auf die t\u00e4gliche Reinigung und Desinfektion aller \u00f6ffentlichen Bereiche und Oberfl\u00e4chen mit besonderem Augenmerk auf T\u00fcrgriffe, Lichtschalter, Oberfl\u00e4chen, Desktops und andere ber\u00fchrungsempfindliche Oberfl\u00e4chen der G\u00e4stezimmer, w\u00e4hrend die W\u00e4sche in h\u00f6chstem Ma\u00dfe und auf hoher Temperatur (min 70\u00b0C) gewaschen wird. Handschuhe und Masken werden immer von unseren Mitarbeitern verwendet um sich und unsere Kunden vor m\u00f6glichen Infektionen zu sch\u00fctzen.<\/p>\n<p>Verz\u00f6gerungen in \u00f6ffentlichen Bereichen wie Rezeption und Restaurant werden minimiert, um eine Versammlung der G\u00e4ste zu vermeiden.<\/p>\n<p>Bitte reservieren Sie einen Tisch im Voraus f\u00fcr das Kappa Restaurant, da wir derzeit mit weniger Sitzpl\u00e4tzen als normal arbeiten. Wir wollen den gr\u00f6\u00dftm\u00f6glichen Abstand zwischen den vorhandenen Sitzpl\u00e4tzen zu gew\u00e4hrleisten.<\/p>\n<p>Last but not least empfehlen wir Ihnen, die Kappa Resort App \u00fcber AppStore oder GooglePlay herunterzuladen und sich ohne Verz\u00f6gerungen an der Rezeption online einzuchecken.<\/p>\n<p>Informieren Sie die Rezeption, falls Sie nicht den t\u00e4glichen Reinigungsservice oder die Wartung erhalten m\u00f6chten.<\/p>\n<p><strong>Bleiben Sie sicher!<\/strong><\/p>\n<\/div>\n\t\t\t\t<\/div>\n\t\t\t\t<\/div>\n\t\t\t\t<div class=\"elementor-element elementor-element-b0aa3a0 elementor-widget elementor-widget-spacer\" data-id=\"b0aa3a0\" data-element_type=\"widget\" data-widget_type=\"spacer.default\">\n\t\t\t\t<div class=\"elementor-widget-container\">\n\t\t\t\t\t<div class=\"elementor-spacer\">\n\t\t\t<div class=\"elementor-spacer-inner\"><\/div>\n\t\t<\/div>\n\t\t\t\t<\/div>\n\t\t\t\t<\/div>\n\t\t\t\t<section class=\"elementor-section elementor-inner-section elementor-element elementor-element-1df0efe elementor-section-content-middle elementor-section-boxed elementor-section-height-default elementor-section-height-default\" data-id=\"1df0efe\" data-element_type=\"section\">\n\t\t\t\t\t\t<div class=\"elementor-container elementor-column-gap-default\">\n\t\t\t\t\t\t\t<div class=\"elementor-row\">\n\t\t\t\t\t<div class=\"elementor-column elementor-col-50 elementor-inner-column elementor-element elementor-element-016f99e\" data-id=\"016f99e\" data-element_type=\"column\">\n\t\t\t<div class=\"elementor-column-wrap elementor-element-populated\">\n\t\t\t\t\t\t\t<div class=\"elementor-widget-wrap\">\n\t\t\t\t\t\t<div class=\"elementor-element elementor-element-ac711a7 elementor-widget elementor-widget-image\" data-id=\"ac711a7\" data-element_type=\"widget\" data-widget_type=\"image.default\">\n\t\t\t\t<div class=\"elementor-widget-container\">\n\t\t\t\t\t<div class=\"elementor-image\">\n\t\t\t\t\t\t\t\t\t\t\t<a href=\"\/wp-content\/uploads\/2021\/02\/\u0394\u03ae\u03bb\u03c9\u03c3\u03b7-\u03a3\u03c5\u03bc\u03bc\u03cc\u03c1\u03c6\u03c9\u03c3\u03b7\u03c2-\u03bf\u03b9\u03ba-7.pdf\" target=\"_blank\">\n\t\t\t\t\t\t\t<img width=\"768\" height=\"475\" src=\"https:\/\/kapparesort.com\/wp-content\/uploads\/2021\/02\/covid-banner-02.jpg\" class=\"attachment-large size-large\" alt=\"\" loading=\"lazy\" srcset=\"https:\/\/kapparesort.com\/wp-content\/uploads\/2021\/02\/covid-banner-02.jpg 768w, https:\/\/kapparesort.com\/wp-content\/uploads\/2021\/02\/covid-banner-02-300x186.jpg 300w\" sizes=\"(max-width: 768px) 100vw, 768px\" \/>\t\t\t\t\t\t\t\t<\/a>\n\t\t\t\t\t\t\t\t\t\t\t<\/div>\n\t\t\t\t<\/div>\n\t\t\t\t<\/div>\n\t\t\t\t\t\t<\/div>\n\t\t\t\t\t<\/div>\n\t\t<\/div>\n\t\t\t\t<div class=\"elementor-column elementor-col-50 elementor-inner-column elementor-element elementor-element-da1c97b\" data-id=\"da1c97b\" data-element_type=\"column\">\n\t\t\t<div class=\"elementor-column-wrap elementor-element-populated\">\n\t\t\t\t\t\t\t<div class=\"elementor-widget-wrap\">\n\t\t\t\t\t\t<div class=\"elementor-element elementor-element-c5b3cd3 elementor-cta--skin-cover elementor-bg-transform elementor-bg-transform-zoom-in elementor-widget elementor-widget-call-to-action\" data-id=\"c5b3cd3\" data-element_type=\"widget\" data-widget_type=\"call-to-action.default\">\n\t\t\t\t<div class=\"elementor-widget-container\">\n\t\t\t\t\t<div  class=\"elementor-cta\">\n\t\t\t\t\t<div class=\"elementor-cta__bg-wrapper\">\n\t\t\t\t<div class=\"elementor-cta__bg elementor-bg\" style=\"background-image: url();\"><\/div>\n\t\t\t\t<div class=\"elementor-cta__bg-overlay\"><\/div>\n\t\t\t<\/div>\n\t\t\t\t\t\t\t<div class=\"elementor-cta__content\">\n\t\t\t\t\n\t\t\t\t\t\t\t\t\t<h3 class=\"elementor-cta__title elementor-cta__content-item elementor-content-item\">\n\t\t\t\t\t\tStay Safe\t\t\t\t\t<\/h3>\n\t\t\t\t\n\t\t\t\t\t\t\t\t\t<div class=\"elementor-cta__description elementor-cta__content-item elementor-content-item\">\n\t\t\t\t\t\t<p>Weitere Informationen zum Desinfektions- und Schutzverfahren gegen Covid-19 erhalten Sie im PDF-Format des Kappa Resort-Protokolls<\/p>\n\t\t\t\t\t<\/div>\n\t\t\t\t\n\t\t\t\t\t\t\t\t\t<div class=\"elementor-cta__button-wrapper elementor-cta__content-item elementor-content-item \">\n\t\t\t\t\t<a class=\"elementor-cta__button elementor-button elementor-size-sm\" href=\"\/wp-content\/uploads\/2021\/03\/KAPPA_RESORT_PROTOCOL_EN.pdf\" target=\"_blank\">\n\t\t\t\t\t\tHerunterladen\t\t\t\t\t<\/a>\n\t\t\t\t\t<\/div>\n\t\t\t\t\t\t\t<\/div>\n\t\t\t\t\t\t<\/div>\n\t\t\t\t<\/div>\n\t\t\t\t<\/div>\n\t\t\t\t\t\t<\/div>\n\t\t\t\t\t<\/div>\n\t\t<\/div>\n\t\t\t\t\t\t\t\t<\/div>\n\t\t\t\t\t<\/div>\n\t\t<\/section>\n\t\t\t\t\t\t<\/div>\n\t\t\t\t\t<\/div>\n\t\t<\/div>\n\t\t\t\t<div class=\"elementor-column elementor-col-33 elementor-top-column elementor-element elementor-element-4a93264\" data-id=\"4a93264\" data-element_type=\"column\">\n\t\t\t<div class=\"elementor-column-wrap\">\n\t\t\t\t\t\t\t<div class=\"elementor-widget-wrap\">\n\t\t\t\t\t\t\t\t<\/div>\n\t\t\t\t\t<\/div>\n\t\t<\/div>\n\t\t\t\t\t\t\t\t<\/div>\n\t\t\t\t\t<\/div>\n\t\t<\/section>\n\t\t\t\t\t\t<\/div>\n\t\t\t\t\t\t<\/div>\n\t\t\t\t\t<\/div>\n\t\t","protected":false},"excerpt":{"rendered":"<p>Hotelrichtlinien f\u00fcr COVID-19 Die Sicherheit unserer G\u00e4ste und Mitarbeiter war und ist unsere h\u00f6chste Priorit\u00e4t. Wir tun alles, um die Sicherheit Ihrer Reise zu gew\u00e4hrleisten und maximale Flexibilit\u00e4t zu bieten, w\u00e4hrend sich die Situation rund um das neue Coronavirus (COVID-19) weiterentwickelt. Wir werden diese Seite weiterhin mit den neuesten Informationen zur Buchungsflexibilit\u00e4t, zur Unterst\u00fctzung unserer [&hellip;]<\/p>\n","protected":false},"author":1,"featured_media":0,"parent":0,"menu_order":0,"comment_status":"closed","ping_status":"closed","template":"","meta":[],"_links":{"self":[{"href":"https:\/\/kapparesort.com\/de\/wp-json\/wp\/v2\/pages\/4331"}],"collection":[{"href":"https:\/\/kapparesort.com\/de\/wp-json\/wp\/v2\/pages"}],"about":[{"href":"https:\/\/kapparesort.com\/de\/wp-json\/wp\/v2\/types\/page"}],"author":[{"embeddable":true,"href":"https:\/\/kapparesort.com\/de\/wp-json\/wp\/v2\/users\/1"}],"replies":[{"embeddable":true,"href":"https:\/\/kapparesort.com\/de\/wp-json\/wp\/v2\/comments?post=4331"}],"version-history":[{"count":6,"href":"https:\/\/kapparesort.com\/de\/wp-json\/wp\/v2\/pages\/4331\/revisions"}],"predecessor-version":[{"id":6207,"href":"https:\/\/kapparesort.com\/de\/wp-json\/wp\/v2\/pages\/4331\/revisions\/6207"}],"wp:attachment":[{"href":"https:\/\/kapparesort.com\/de\/wp-json\/wp\/v2\/media?parent=4331"}],"curies":[{"name":"wp","href":"https:\/\/api.w.org\/{rel}","templated":true}]}}